{"id":11647,"date":"2024-11-06T11:00:50","date_gmt":"2024-11-06T10:00:50","guid":{"rendered":"https:\/\/www.vallasmetalia.com\/politica-privacidad\/"},"modified":"2025-03-10T11:35:13","modified_gmt":"2025-03-10T10:35:13","slug":"politique-de-confidentialite","status":"publish","type":"page","link":"https:\/\/www.vallasmetalia.com\/fr\/politique-de-confidentialite\/","title":{"rendered":"Politique de confidentialit\u00e9"},"content":{"rendered":"<div class=\"fusion-fullwidth fullwidth-box fusion-builder-row-1 fusion-flex-container has-pattern-background has-mask-background nonhundred-percent-fullwidth non-hundred-percent-height-scrolling\" style=\"--awb-border-radius-top-left:0px;--awb-border-radius-top-right:0px;--awb-border-radius-bottom-right:0px;--awb-border-radius-bottom-left:0px;--awb-flex-wrap:wrap;\" ><div class=\"fusion-builder-row fusion-row fusion-flex-align-items-flex-start fusion-flex-content-wrap\" style=\"max-width:1352px;margin-left: calc(-4% \/ 2 );margin-right: calc(-4% \/ 2 );\"><div class=\"fusion-layout-column fusion_builder_column fusion-builder-column-0 fusion_builder_column_1_1 1_1 fusion-flex-column\" style=\"--awb-bg-size:cover;--awb-width-large:100%;--awb-margin-top-large:0px;--awb-spacing-right-large:1.92%;--awb-margin-bottom-large:20px;--awb-spacing-left-large:1.92%;--awb-width-medium:100%;--awb-order-medium:0;--awb-spacing-right-medium:1.92%;--awb-spacing-left-medium:1.92%;--awb-width-small:100%;--awb-order-small:0;--awb-spacing-right-small:1.92%;--awb-spacing-left-small:1.92%;\"><div class=\"fusion-column-wrapper fusion-column-has-shadow fusion-flex-justify-content-flex-start fusion-content-layout-column\"><div class=\"fusion-title title fusion-title-1 fusion-sep-none fusion-title-text fusion-title-size-one\" style=\"--awb-text-color:var(--awb-color4);\"><h1 class=\"fusion-title-heading title-heading-left fusion-responsive-typography-calculated\" style=\"margin:0;--fontSize:45;line-height:var(--awb-typography1-line-height);\">Politique de confidentialit\u00e9<\/h1><\/div><div class=\"fusion-text fusion-text-1\"><div class=\"p-rich_text_section\"><strong>Protection de donn\u00e9es personnelles:<\/strong><br \/>\nTrenza Metal Area ne vend pas, ni loue ou met \u00e0 disposition de tierces personnes les donn\u00e9es personnelles fournies par les visiteurs du site web.<br \/>\nL&rsquo;on entend par donn\u00e9es personnelles le nom, l&rsquo;adresse, le num\u00e9ro de t\u00e9l\u00e9phone ou fax ou l&rsquo;adresse de courrier \u00e9lectronique de l&rsquo;utilisateur.<br \/>\nLes donn\u00e9es personnelles collect\u00e9es seront incorpor\u00e9es aux fichiers appartenant \u00e0 Trenza Metal Area.<br \/>\nNous vous informons aussi que le responsable du traitement de ce fichier sera EuroCastalia, S.A., site \u00e0 Vargas, 57-B, Entlo., 39010 Santander (Cantabrie). Le fait de faciliter les donn\u00e9es solicitados suppose votre consentement explicite et sans ambig\u00fcit\u00e9 au transfert de vos donn\u00e9es au responsable du traitement.<br \/>\nCette information ne sera pas utilis\u00e9e pour des actions de marketing direct, Sauf si nous vous avons inform\u00e9 au pr\u00e9alable de cette possibilit\u00e9 et que vous nous avez donn\u00e9 votre autorisation expresse au moment de fournir ces donn\u00e9es.<br \/>\nTrenza Metal Area pourra utiliser cette information pour l&rsquo;envoi de publications ou autres correspondances ; l&rsquo;envoi de messages par courrier \u00e9lectronique.<br \/>\nTrenza Metal Area utilise l&rsquo;information statistique non personnelle (type de logiciel de navigation, localisation g\u00e9ographique, \u00e2ge, sexe) pour am\u00e9liorer notre site Web.<br \/>\nCette information ne sera pas d\u00e9voil\u00e9e \u00e0 des tiers.<br \/>\nCette politique peut \u00eatre modifi\u00e9e r\u00e9guli\u00e8rement. Conform\u00e9ment \u00e0 la Loi organique 15\/1999 du 13 d\u00e9cembre, relative \u00e0 la Protection de donn\u00e9es \u00e0 caract\u00e8re personnel (ci-apr\u00e8s LOPD). Toute personne qui remplirait des formulaires aura droit \u00e0:<\/div>\n<ul class=\"p-rich_text_list p-rich_text_list__bullet p-rich_text_list--nested\" data-stringify-type=\"unordered-list\" data-list-tree=\"true\" data-indent=\"0\" data-border=\"0\">\n<li data-stringify-indent=\"0\" data-stringify-border=\"0\">\u00catre inform\u00e9e des objectifs que vise la constitution de cette base de donn\u00e9es.<\/li>\n<li data-stringify-indent=\"0\" data-stringify-border=\"0\">Refuser que ses donn\u00e9es soient incluses dans la base de conn\u00e9es automatis\u00e9e.<\/li>\n<li data-stringify-indent=\"0\" data-stringify-border=\"0\">Acc\u00e9der \u00e0 tout moment aux donn\u00e9es fournies.<\/li>\n<li data-stringify-indent=\"0\" data-stringify-border=\"0\">Pouvoir rectifier et\/ou annuler total ou partiellement les donn\u00e9es qu&rsquo;elle a fournie.<\/li>\n<\/ul>\n<div class=\"p-rich_text_section\">Trenza Metal Area ne c\u00e8dera sous auxun pr\u00e9texte ou concept ces donn\u00e9es \u00e0 des soci\u00e9t\u00e9s tierces mais en cas de besoin et toujours dans le domaine de son activit\u00e9 entrepreneuriale, il serait demand\u00e9 express\u00e9ment et conform\u00e9ment \u00e0 l&rsquo;article de la LOPD, son autorisation \u00e0 chacune des personnes concern\u00e9es et, en cas de refus, les donn\u00e9es ne seront jamais c\u00e9d\u00e9es.<\/div>\n<\/div><\/div><\/div><\/div><\/div>\n","protected":false},"excerpt":{"rendered":"","protected":false},"author":1,"featured_media":0,"parent":0,"menu_order":0,"comment_status":"closed","ping_status":"open","template":"","meta":{"_acf_changed":false,"footnotes":""},"class_list":["post-11647","page","type-page","status-publish","hentry"],"acf":[],"yoast_head":"<!-- This site is optimized with the Yoast SEO plugin v25.1 - https:\/\/yoast.com\/wordpress\/plugins\/seo\/ -->\n<title>Politique de confidentialit\u00e9 - Vallas Metalia<\/title>\n<meta name=\"robots\" content=\"index, follow, max-snippet:-1, max-image-preview:large, max-video-preview:-1\" \/>\n<link rel=\"canonical\" href=\"https:\/\/www.vallasmetalia.com\/fr\/politique-de-confidentialite\/\" \/>\n<meta property=\"og:locale\" content=\"fr_FR\" \/>\n<meta property=\"og:type\" content=\"article\" \/>\n<meta property=\"og:title\" content=\"Politique de confidentialit\u00e9 - Vallas Metalia\" \/>\n<meta property=\"og:url\" content=\"https:\/\/www.vallasmetalia.com\/fr\/politique-de-confidentialite\/\" \/>\n<meta property=\"og:site_name\" content=\"Vallas Metalia\" \/>\n<meta property=\"article:modified_time\" content=\"2025-03-10T10:35:13+00:00\" \/>\n<meta name=\"twitter:card\" content=\"summary_large_image\" \/>\n<meta name=\"twitter:label1\" content=\"Dur\u00e9e de lecture estim\u00e9e\" \/>\n\t<meta name=\"twitter:data1\" content=\"2 minutes\" \/>\n<script type=\"application\/ld+json\" class=\"yoast-schema-graph\">{\"@context\":\"https:\/\/schema.org\",\"@graph\":[{\"@type\":\"WebPage\",\"@id\":\"https:\/\/www.vallasmetalia.com\/fr\/politique-de-confidentialite\/\",\"url\":\"https:\/\/www.vallasmetalia.com\/fr\/politique-de-confidentialite\/\",\"name\":\"Politique de confidentialit\u00e9 - Vallas Metalia\",\"isPartOf\":{\"@id\":\"https:\/\/www.vallasmetalia.com\/fr\/#website\"},\"datePublished\":\"2024-11-06T10:00:50+00:00\",\"dateModified\":\"2025-03-10T10:35:13+00:00\",\"breadcrumb\":{\"@id\":\"https:\/\/www.vallasmetalia.com\/fr\/politique-de-confidentialite\/#breadcrumb\"},\"inLanguage\":\"fr-FR\",\"potentialAction\":[{\"@type\":\"ReadAction\",\"target\":[\"https:\/\/www.vallasmetalia.com\/fr\/politique-de-confidentialite\/\"]}]},{\"@type\":\"BreadcrumbList\",\"@id\":\"https:\/\/www.vallasmetalia.com\/fr\/politique-de-confidentialite\/#breadcrumb\",\"itemListElement\":[{\"@type\":\"ListItem\",\"position\":1,\"name\":\"Inicio\",\"item\":\"https:\/\/www.vallasmetalia.com\/fr\/\"},{\"@type\":\"ListItem\",\"position\":2,\"name\":\"Politique de confidentialit\u00e9\"}]},{\"@type\":\"WebSite\",\"@id\":\"https:\/\/www.vallasmetalia.com\/fr\/#website\",\"url\":\"https:\/\/www.vallasmetalia.com\/fr\/\",\"name\":\"Vallas Metalia\",\"description\":\"Nuevas soluciones para arquitectura y urbanismo\",\"potentialAction\":[{\"@type\":\"SearchAction\",\"target\":{\"@type\":\"EntryPoint\",\"urlTemplate\":\"https:\/\/www.vallasmetalia.com\/fr\/?s={search_term_string}\"},\"query-input\":{\"@type\":\"PropertyValueSpecification\",\"valueRequired\":true,\"valueName\":\"search_term_string\"}}],\"inLanguage\":\"fr-FR\"}]}<\/script>\n<!-- \/ Yoast SEO plugin. -->","yoast_head_json":{"title":"Politique de confidentialit\u00e9 - Vallas Metalia","robots":{"index":"index","follow":"follow","max-snippet":"max-snippet:-1","max-image-preview":"max-image-preview:large","max-video-preview":"max-video-preview:-1"},"canonical":"https:\/\/www.vallasmetalia.com\/fr\/politique-de-confidentialite\/","og_locale":"fr_FR","og_type":"article","og_title":"Politique de confidentialit\u00e9 - Vallas Metalia","og_url":"https:\/\/www.vallasmetalia.com\/fr\/politique-de-confidentialite\/","og_site_name":"Vallas Metalia","article_modified_time":"2025-03-10T10:35:13+00:00","twitter_card":"summary_large_image","twitter_misc":{"Dur\u00e9e de lecture estim\u00e9e":"2 minutes"},"schema":{"@context":"https:\/\/schema.org","@graph":[{"@type":"WebPage","@id":"https:\/\/www.vallasmetalia.com\/fr\/politique-de-confidentialite\/","url":"https:\/\/www.vallasmetalia.com\/fr\/politique-de-confidentialite\/","name":"Politique de confidentialit\u00e9 - Vallas Metalia","isPartOf":{"@id":"https:\/\/www.vallasmetalia.com\/fr\/#website"},"datePublished":"2024-11-06T10:00:50+00:00","dateModified":"2025-03-10T10:35:13+00:00","breadcrumb":{"@id":"https:\/\/www.vallasmetalia.com\/fr\/politique-de-confidentialite\/#breadcrumb"},"inLanguage":"fr-FR","potentialAction":[{"@type":"ReadAction","target":["https:\/\/www.vallasmetalia.com\/fr\/politique-de-confidentialite\/"]}]},{"@type":"BreadcrumbList","@id":"https:\/\/www.vallasmetalia.com\/fr\/politique-de-confidentialite\/#breadcrumb","itemListElement":[{"@type":"ListItem","position":1,"name":"Inicio","item":"https:\/\/www.vallasmetalia.com\/fr\/"},{"@type":"ListItem","position":2,"name":"Politique de confidentialit\u00e9"}]},{"@type":"WebSite","@id":"https:\/\/www.vallasmetalia.com\/fr\/#website","url":"https:\/\/www.vallasmetalia.com\/fr\/","name":"Vallas Metalia","description":"Nuevas soluciones para arquitectura y urbanismo","potentialAction":[{"@type":"SearchAction","target":{"@type":"EntryPoint","urlTemplate":"https:\/\/www.vallasmetalia.com\/fr\/?s={search_term_string}"},"query-input":{"@type":"PropertyValueSpecification","valueRequired":true,"valueName":"search_term_string"}}],"inLanguage":"fr-FR"}]}},"_links":{"self":[{"href":"https:\/\/www.vallasmetalia.com\/fr\/wp-json\/wp\/v2\/pages\/11647","targetHints":{"allow":["GET"]}}],"collection":[{"href":"https:\/\/www.vallasmetalia.com\/fr\/wp-json\/wp\/v2\/pages"}],"about":[{"href":"https:\/\/www.vallasmetalia.com\/fr\/wp-json\/wp\/v2\/types\/page"}],"author":[{"embeddable":true,"href":"https:\/\/www.vallasmetalia.com\/fr\/wp-json\/wp\/v2\/users\/1"}],"replies":[{"embeddable":true,"href":"https:\/\/www.vallasmetalia.com\/fr\/wp-json\/wp\/v2\/comments?post=11647"}],"version-history":[{"count":4,"href":"https:\/\/www.vallasmetalia.com\/fr\/wp-json\/wp\/v2\/pages\/11647\/revisions"}],"predecessor-version":[{"id":11730,"href":"https:\/\/www.vallasmetalia.com\/fr\/wp-json\/wp\/v2\/pages\/11647\/revisions\/11730"}],"wp:attachment":[{"href":"https:\/\/www.vallasmetalia.com\/fr\/wp-json\/wp\/v2\/media?parent=11647"}],"curies":[{"name":"wp","href":"https:\/\/api.w.org\/{rel}","templated":true}]}}