{"id":11668,"date":"2024-12-18T11:00:30","date_gmt":"2024-12-18T10:00:30","guid":{"rendered":"https:\/\/www.vallasmetalia.com\/contacto\/"},"modified":"2025-03-10T11:56:35","modified_gmt":"2025-03-10T10:56:35","slug":"contact","status":"publish","type":"page","link":"https:\/\/www.vallasmetalia.com\/fr\/contact\/","title":{"rendered":"Contact"},"content":{"rendered":"<p><div class=\"fusion-fullwidth fullwidth-box fusion-builder-row-1 fusion-flex-container has-pattern-background has-mask-background nonhundred-percent-fullwidth non-hundred-percent-height-scrolling\" style=\"--awb-border-radius-top-left:0px;--awb-border-radius-top-right:0px;--awb-border-radius-bottom-right:0px;--awb-border-radius-bottom-left:0px;--awb-background-color:var(--awb-color4);--awb-flex-wrap:wrap;\" ><div class=\"fusion-builder-row fusion-row fusion-flex-align-items-flex-start fusion-flex-content-wrap\" style=\"max-width:1352px;margin-left: calc(-4% \/ 2 );margin-right: calc(-4% \/ 2 );\"><div class=\"fusion-layout-column fusion_builder_column fusion-builder-column-0 fusion_builder_column_1_1 1_1 fusion-flex-column\" style=\"--awb-bg-size:cover;--awb-width-large:100%;--awb-margin-top-large:8px;--awb-spacing-right-large:1.92%;--awb-margin-bottom-large:8px;--awb-spacing-left-large:1.92%;--awb-width-medium:100%;--awb-order-medium:0;--awb-spacing-right-medium:1.92%;--awb-spacing-left-medium:1.92%;--awb-width-small:100%;--awb-order-small:0;--awb-spacing-right-small:1.92%;--awb-spacing-left-small:1.92%;\" data-scroll-devices=\"small-visibility,medium-visibility,large-visibility\"><div class=\"fusion-column-wrapper fusion-column-has-shadow fusion-flex-justify-content-flex-start fusion-content-layout-column\"><nav class=\"fusion-breadcrumbs awb-yoast-breadcrumbs fusion-breadcrumbs-1\" style=\"--awb-font-size:16px;--awb-text-color:var(--awb-color1);--awb-breadcrumb-sep:&#039;\/&#039;;\" aria-label=\"Breadcrumb\"><span><span><a href=\"https:\/\/www.vallasmetalia.com\/fr\/\">Inicio<\/a><\/span><\/span><\/nav><\/div><\/div><\/div><\/div><div class=\"fusion-fullwidth fullwidth-box fusion-builder-row-2 fusion-flex-container has-pattern-background has-mask-background nonhundred-percent-fullwidth non-hundred-percent-height-scrolling\" style=\"--awb-border-radius-top-left:0px;--awb-border-radius-top-right:0px;--awb-border-radius-bottom-right:0px;--awb-border-radius-bottom-left:0px;--awb-margin-top:2%;--awb-flex-wrap:wrap;\" ><div class=\"fusion-builder-row fusion-row fusion-flex-align-items-center fusion-flex-justify-content-center fusion-flex-content-wrap\" style=\"max-width:1352px;margin-left: calc(-4% \/ 2 );margin-right: calc(-4% \/ 2 );\"><div class=\"fusion-layout-column fusion_builder_column fusion-builder-column-1 fusion_builder_column_2_5 2_5 fusion-flex-column fusion-flex-align-self-flex-start\" style=\"--awb-bg-size:cover;--awb-width-large:40%;--awb-margin-top-large:0px;--awb-spacing-right-large:4.8%;--awb-margin-bottom-large:20px;--awb-spacing-left-large:4.8%;--awb-width-medium:40%;--awb-order-medium:0;--awb-spacing-right-medium:4.8%;--awb-spacing-left-medium:4.8%;--awb-width-small:100%;--awb-order-small:0;--awb-spacing-right-small:1.92%;--awb-spacing-left-small:1.92%;\" data-scroll-devices=\"small-visibility,medium-visibility,large-visibility\"><div class=\"fusion-column-wrapper fusion-column-has-shadow fusion-flex-justify-content-flex-start fusion-content-layout-column\"><div class=\"fusion-title title fusion-title-1 fusion-sep-none fusion-title-text fusion-title-size-one\" style=\"--awb-text-color:var(--awb-color4);\"><h1 class=\"fusion-title-heading title-heading-left fusion-responsive-typography-calculated\" style=\"margin:0;--fontSize:45;line-height:1.2;\">Nous sommes l\u00e0 pour vous aider!<\/h1><\/div><div class=\"fusion-text fusion-text-1\" style=\"--awb-margin-top:25px;\"><p data-start=\"39\" data-end=\"668\">Si vous avez des questions, des doutes, ou si vous souhaitez plus d&rsquo;information, n&rsquo;h\u00e9sitez pas \u00e0 nous consulter<\/p>\n<p data-start=\"39\" data-end=\"668\">Vous pouvez nous envoyer un message via le formulaire de contact de notre site web, et l&rsquo;un de nos agents vous contactera dans les plus brefs d\u00e9lais pour r\u00e9pondre \u00e0 votre demande. De plus, nous offrons d&rsquo;autres canaux de communication directs pour votre commodit\u00e9, afin que vous puissiez choisir celui qui vous convient le mieux ou qui est le plus accessible.<\/p>\n<p data-start=\"1366\" data-end=\"1380\"><strong data-start=\"1366\" data-end=\"1380\">Adresse:<\/strong><\/p>\n<p data-start=\"1382\" data-end=\"1472\"><a href=\"https:\/\/www.google.com\/search?q=Pol%C3%ADgono+Industrial+Valcabado%2C+Ctra.+N-630%2C+Km+272%2C+49024+Zamora+Fase+3%2C+Naves+7+y+8&amp;oq=Pol%C3%ADgono+Industrial+Valcabado%2C+Ctra.+N-630%2C+Km+272%2C+49024+Zamora+Fase+3%2C+Naves+7+y+8&amp;gs_lcrp=EgZjaHJvbWUyBggAEEUYOdIBBzc4MWowajeoAgCwAgA&amp;sourceid=chrome&amp;ie=UTF-8\">Pol\u00edgono Industrial Valcabado, Ctra. N-630, Km 272, <\/a><br data-start=\"1433\" data-end=\"1436\" \/>49024 Zamora<br \/>\nFase 3, Naves 7 y 8<\/p>\n<p data-start=\"1474\" data-end=\"1485\"><strong data-start=\"1474\" data-end=\"1485\">Courriel:<\/strong><\/p>\n<p data-start=\"1487\" data-end=\"1509\"><a href=\"mailto:info@vallasmetalia.com\" rel=\"noopener\" data-start=\"1487\" data-end=\"1509\">info@vallasmetalia.com<\/a><\/p>\n<p data-start=\"1511\" data-end=\"1537\"><strong data-start=\"1511\" data-end=\"1537\">T\u00e9l\u00e9phones:<\/strong><\/p>\n<p data-start=\"1539\" data-end=\"1560\"><a href=\"tel:+34980509219\">980509219<\/a><br \/>\n<a href=\"tel:+34671526273\">671526273<\/a><\/p>\n<\/div><\/div><\/div><div class=\"fusion-layout-column fusion_builder_column fusion-builder-column-2 fusion_builder_column_1_2 1_2 fusion-flex-column\" style=\"--awb-bg-size:cover;--awb-width-large:50%;--awb-margin-top-large:0px;--awb-spacing-right-large:3.84%;--awb-margin-bottom-large:20px;--awb-spacing-left-large:3.84%;--awb-width-medium:50%;--awb-order-medium:0;--awb-spacing-right-medium:3.84%;--awb-spacing-left-medium:3.84%;--awb-width-small:100%;--awb-order-small:0;--awb-spacing-right-small:1.92%;--awb-spacing-left-small:1.92%;\"><div class=\"fusion-column-wrapper fusion-column-has-shadow fusion-flex-justify-content-flex-start fusion-content-layout-column\"><script charset=\"utf-8\" type=\"text\/javascript\" src=\"\/\/js-eu1.hsforms.net\/forms\/embed\/v2.js\"><\/script>\n<script>\n  hbspt.forms.create({\n    portalId: \"145723756\",\n    formId: \"a2c80118-36cd-4f87-adb8-12dbbb757eee\",\n    region: \"eu1\"\n  });\n<\/script><\/div><\/div><\/div><\/div><\/p>\n","protected":false},"excerpt":{"rendered":"","protected":false},"author":1,"featured_media":0,"parent":0,"menu_order":0,"comment_status":"closed","ping_status":"closed","template":"100-width.php","meta":{"_acf_changed":false,"footnotes":""},"class_list":["post-11668","page","type-page","status-publish","hentry"],"acf":[],"yoast_head":"<!-- This site is optimized with the Yoast SEO plugin v25.1 - https:\/\/yoast.com\/wordpress\/plugins\/seo\/ -->\n<title>Contact - Vallas Metalia<\/title>\n<meta name=\"description\" content=\"Si vous avez des questions, des pr\u00e9occupations ou si vous avez besoin de plus d&#039;informations, n&#039;h\u00e9sitez pas \u00e0 nous contacter. Nous sommes l\u00e0 pour vous aider!\" \/>\n<meta name=\"robots\" content=\"index, follow, max-snippet:-1, max-image-preview:large, max-video-preview:-1\" \/>\n<link rel=\"canonical\" href=\"https:\/\/www.vallasmetalia.com\/fr\/contact\/\" \/>\n<meta property=\"og:locale\" content=\"fr_FR\" \/>\n<meta property=\"og:type\" content=\"article\" \/>\n<meta property=\"og:title\" content=\"Contact - Vallas Metalia\" \/>\n<meta property=\"og:description\" content=\"Si vous avez des questions, des pr\u00e9occupations ou si vous avez besoin de plus d&#039;informations, n&#039;h\u00e9sitez pas \u00e0 nous contacter. Nous sommes l\u00e0 pour vous aider!\" \/>\n<meta property=\"og:url\" content=\"https:\/\/www.vallasmetalia.com\/fr\/contact\/\" \/>\n<meta property=\"og:site_name\" content=\"Vallas Metalia\" \/>\n<meta property=\"article:modified_time\" content=\"2025-03-10T10:56:35+00:00\" \/>\n<meta name=\"twitter:card\" content=\"summary_large_image\" \/>\n<meta name=\"twitter:label1\" content=\"Dur\u00e9e de lecture estim\u00e9e\" \/>\n\t<meta name=\"twitter:data1\" content=\"1 minute\" \/>\n<script type=\"application\/ld+json\" class=\"yoast-schema-graph\">{\"@context\":\"https:\/\/schema.org\",\"@graph\":[{\"@type\":\"WebPage\",\"@id\":\"https:\/\/www.vallasmetalia.com\/fr\/contact\/\",\"url\":\"https:\/\/www.vallasmetalia.com\/fr\/contact\/\",\"name\":\"Contact - Vallas Metalia\",\"isPartOf\":{\"@id\":\"https:\/\/www.vallasmetalia.com\/fr\/#website\"},\"datePublished\":\"2024-12-18T10:00:30+00:00\",\"dateModified\":\"2025-03-10T10:56:35+00:00\",\"description\":\"Si vous avez des questions, des pr\u00e9occupations ou si vous avez besoin de plus d'informations, n'h\u00e9sitez pas \u00e0 nous contacter. Nous sommes l\u00e0 pour vous aider!\",\"breadcrumb\":{\"@id\":\"https:\/\/www.vallasmetalia.com\/fr\/contact\/#breadcrumb\"},\"inLanguage\":\"fr-FR\",\"potentialAction\":[{\"@type\":\"ReadAction\",\"target\":[\"https:\/\/www.vallasmetalia.com\/fr\/contact\/\"]}]},{\"@type\":\"BreadcrumbList\",\"@id\":\"https:\/\/www.vallasmetalia.com\/fr\/contact\/#breadcrumb\",\"itemListElement\":[{\"@type\":\"ListItem\",\"position\":1,\"name\":\"Inicio\",\"item\":\"https:\/\/www.vallasmetalia.com\/fr\/\"},{\"@type\":\"ListItem\",\"position\":2,\"name\":\"Contact\"}]},{\"@type\":\"WebSite\",\"@id\":\"https:\/\/www.vallasmetalia.com\/fr\/#website\",\"url\":\"https:\/\/www.vallasmetalia.com\/fr\/\",\"name\":\"Vallas Metalia\",\"description\":\"Nuevas soluciones para arquitectura y urbanismo\",\"potentialAction\":[{\"@type\":\"SearchAction\",\"target\":{\"@type\":\"EntryPoint\",\"urlTemplate\":\"https:\/\/www.vallasmetalia.com\/fr\/?s={search_term_string}\"},\"query-input\":{\"@type\":\"PropertyValueSpecification\",\"valueRequired\":true,\"valueName\":\"search_term_string\"}}],\"inLanguage\":\"fr-FR\"}]}<\/script>\n<!-- \/ Yoast SEO plugin. -->","yoast_head_json":{"title":"Contact - Vallas Metalia","description":"Si vous avez des questions, des pr\u00e9occupations ou si vous avez besoin de plus d'informations, n'h\u00e9sitez pas \u00e0 nous contacter. Nous sommes l\u00e0 pour vous aider!","robots":{"index":"index","follow":"follow","max-snippet":"max-snippet:-1","max-image-preview":"max-image-preview:large","max-video-preview":"max-video-preview:-1"},"canonical":"https:\/\/www.vallasmetalia.com\/fr\/contact\/","og_locale":"fr_FR","og_type":"article","og_title":"Contact - Vallas Metalia","og_description":"Si vous avez des questions, des pr\u00e9occupations ou si vous avez besoin de plus d'informations, n'h\u00e9sitez pas \u00e0 nous contacter. Nous sommes l\u00e0 pour vous aider!","og_url":"https:\/\/www.vallasmetalia.com\/fr\/contact\/","og_site_name":"Vallas Metalia","article_modified_time":"2025-03-10T10:56:35+00:00","twitter_card":"summary_large_image","twitter_misc":{"Dur\u00e9e de lecture estim\u00e9e":"1 minute"},"schema":{"@context":"https:\/\/schema.org","@graph":[{"@type":"WebPage","@id":"https:\/\/www.vallasmetalia.com\/fr\/contact\/","url":"https:\/\/www.vallasmetalia.com\/fr\/contact\/","name":"Contact - Vallas Metalia","isPartOf":{"@id":"https:\/\/www.vallasmetalia.com\/fr\/#website"},"datePublished":"2024-12-18T10:00:30+00:00","dateModified":"2025-03-10T10:56:35+00:00","description":"Si vous avez des questions, des pr\u00e9occupations ou si vous avez besoin de plus d'informations, n'h\u00e9sitez pas \u00e0 nous contacter. Nous sommes l\u00e0 pour vous aider!","breadcrumb":{"@id":"https:\/\/www.vallasmetalia.com\/fr\/contact\/#breadcrumb"},"inLanguage":"fr-FR","potentialAction":[{"@type":"ReadAction","target":["https:\/\/www.vallasmetalia.com\/fr\/contact\/"]}]},{"@type":"BreadcrumbList","@id":"https:\/\/www.vallasmetalia.com\/fr\/contact\/#breadcrumb","itemListElement":[{"@type":"ListItem","position":1,"name":"Inicio","item":"https:\/\/www.vallasmetalia.com\/fr\/"},{"@type":"ListItem","position":2,"name":"Contact"}]},{"@type":"WebSite","@id":"https:\/\/www.vallasmetalia.com\/fr\/#website","url":"https:\/\/www.vallasmetalia.com\/fr\/","name":"Vallas Metalia","description":"Nuevas soluciones para arquitectura y urbanismo","potentialAction":[{"@type":"SearchAction","target":{"@type":"EntryPoint","urlTemplate":"https:\/\/www.vallasmetalia.com\/fr\/?s={search_term_string}"},"query-input":{"@type":"PropertyValueSpecification","valueRequired":true,"valueName":"search_term_string"}}],"inLanguage":"fr-FR"}]}},"_links":{"self":[{"href":"https:\/\/www.vallasmetalia.com\/fr\/wp-json\/wp\/v2\/pages\/11668","targetHints":{"allow":["GET"]}}],"collection":[{"href":"https:\/\/www.vallasmetalia.com\/fr\/wp-json\/wp\/v2\/pages"}],"about":[{"href":"https:\/\/www.vallasmetalia.com\/fr\/wp-json\/wp\/v2\/types\/page"}],"author":[{"embeddable":true,"href":"https:\/\/www.vallasmetalia.com\/fr\/wp-json\/wp\/v2\/users\/1"}],"replies":[{"embeddable":true,"href":"https:\/\/www.vallasmetalia.com\/fr\/wp-json\/wp\/v2\/comments?post=11668"}],"version-history":[{"count":5,"href":"https:\/\/www.vallasmetalia.com\/fr\/wp-json\/wp\/v2\/pages\/11668\/revisions"}],"predecessor-version":[{"id":11737,"href":"https:\/\/www.vallasmetalia.com\/fr\/wp-json\/wp\/v2\/pages\/11668\/revisions\/11737"}],"wp:attachment":[{"href":"https:\/\/www.vallasmetalia.com\/fr\/wp-json\/wp\/v2\/media?parent=11668"}],"curies":[{"name":"wp","href":"https:\/\/api.w.org\/{rel}","templated":true}]}}