{"id":10971,"date":"2025-01-09T15:55:40","date_gmt":"2025-01-09T14:55:40","guid":{"rendered":"https:\/\/www.vallasmetalia.com\/producto\/apoyos-isquiaticos\/"},"modified":"2025-02-26T17:15:38","modified_gmt":"2025-02-26T16:15:38","slug":"apoyos-isquiaticos","status":"publish","type":"product","link":"https:\/\/www.vallasmetalia.com\/fr\/producto\/apoyos-isquiaticos\/","title":{"rendered":"Supports ischiatiques"},"content":{"rendered":"<h3><span style=\"color: #808080;\"><br \/>\n\u00c9l\u00e9ments de l&rsquo;ADP<br \/>\nSi\u00e8ges pour se reposer en position debout<\/span><\/h3>\n<p>&nbsp;<\/p>\n<p><span style=\"color: #993366;\"><span style=\"color: #888888;\">Dimensions<\/span><\/span><\/p>\n<p><span style=\"color: #000000;\"><strong>ADP-157 \/ ADP-157-B<br \/>\n<img decoding=\"async\" src=\"\/wp-content\/uploads\/2024\/12\/7D00076A-6DAD-AA88-8879-4D0D4F7A398B.jpg\" alt=\"\" width=\"350\"><\/strong><\/span><\/p>\n<p>&nbsp;<\/p>\n<p><span style=\"color: #000000;\"><strong>ADP-207 \/ ADP-207-B<br \/>\n<img decoding=\"async\" src=\"\/wp-content\/uploads\/2024\/12\/056D11A7-A72A-0446-80F3-F960673EC069.jpg\" alt=\"\" width=\"350\"><\/strong><\/span><\/p>\n","protected":false},"excerpt":{"rendered":"<p>\u00c9l\u00e9ments de l&rsquo;ADP Si\u00e8ges pour se reposer en position debout [&hellip;]<\/p>\n","protected":false},"featured_media":10973,"template":"","meta":{"_acf_changed":false},"material-producto":[637],"product_brand":[],"product_cat":[616],"product_tag":[],"class_list":{"0":"post-10971","1":"product","2":"type-product","3":"status-publish","4":"has-post-thumbnail","6":"material-producto-inox-fr","7":"product_cat-assis-debout","9":"first","10":"instock","11":"product-type-simple"},"acf":[],"yoast_head":"<!-- This site is optimized with the Yoast SEO plugin v25.1 - https:\/\/yoast.com\/wordpress\/plugins\/seo\/ -->\n<title>Supports ischiatiques - Vallas Metalia<\/title>\n<meta name=\"robots\" content=\"index, follow, max-snippet:-1, max-image-preview:large, max-video-preview:-1\" \/>\n<link rel=\"canonical\" href=\"https:\/\/www.vallasmetalia.com\/fr\/producto\/apoyos-isquiaticos\/\" \/>\n<meta property=\"og:locale\" content=\"fr_FR\" \/>\n<meta property=\"og:type\" content=\"article\" \/>\n<meta property=\"og:title\" content=\"Supports ischiatiques - Vallas Metalia\" \/>\n<meta property=\"og:description\" content=\"\u00c9l\u00e9ments de l&rsquo;ADP Si\u00e8ges pour se reposer en position debout [&hellip;]\" \/>\n<meta property=\"og:url\" content=\"https:\/\/www.vallasmetalia.com\/fr\/producto\/apoyos-isquiaticos\/\" \/>\n<meta property=\"og:site_name\" content=\"Vallas Metalia\" \/>\n<meta property=\"article:modified_time\" content=\"2025-02-26T16:15:38+00:00\" \/>\n<meta property=\"og:image\" content=\"https:\/\/www.vallasmetalia.com\/wp-content\/uploads\/2024\/12\/D3D0A147-3D40-9A9C-164D-E8B9ACB1FD2D.jpg\" \/>\n\t<meta property=\"og:image:width\" content=\"246\" \/>\n\t<meta property=\"og:image:height\" content=\"179\" \/>\n\t<meta property=\"og:image:type\" content=\"image\/jpeg\" \/>\n<meta name=\"twitter:card\" content=\"summary_large_image\" \/>\n<meta name=\"twitter:label1\" content=\"Dur\u00e9e de lecture estim\u00e9e\" \/>\n\t<meta name=\"twitter:data1\" content=\"1 minute\" \/>\n<script type=\"application\/ld+json\" class=\"yoast-schema-graph\">{\"@context\":\"https:\/\/schema.org\",\"@graph\":[{\"@type\":\"WebPage\",\"@id\":\"https:\/\/www.vallasmetalia.com\/fr\/producto\/apoyos-isquiaticos\/\",\"url\":\"https:\/\/www.vallasmetalia.com\/fr\/producto\/apoyos-isquiaticos\/\",\"name\":\"Supports ischiatiques - Vallas Metalia\",\"isPartOf\":{\"@id\":\"https:\/\/www.vallasmetalia.com\/fr\/#website\"},\"primaryImageOfPage\":{\"@id\":\"https:\/\/www.vallasmetalia.com\/fr\/producto\/apoyos-isquiaticos\/#primaryimage\"},\"image\":{\"@id\":\"https:\/\/www.vallasmetalia.com\/fr\/producto\/apoyos-isquiaticos\/#primaryimage\"},\"thumbnailUrl\":\"https:\/\/www.vallasmetalia.com\/wp-content\/uploads\/2024\/12\/D3D0A147-3D40-9A9C-164D-E8B9ACB1FD2D.jpg\",\"datePublished\":\"2025-01-09T14:55:40+00:00\",\"dateModified\":\"2025-02-26T16:15:38+00:00\",\"breadcrumb\":{\"@id\":\"https:\/\/www.vallasmetalia.com\/fr\/producto\/apoyos-isquiaticos\/#breadcrumb\"},\"inLanguage\":\"fr-FR\",\"potentialAction\":[{\"@type\":\"ReadAction\",\"target\":[\"https:\/\/www.vallasmetalia.com\/fr\/producto\/apoyos-isquiaticos\/\"]}]},{\"@type\":\"ImageObject\",\"inLanguage\":\"fr-FR\",\"@id\":\"https:\/\/www.vallasmetalia.com\/fr\/producto\/apoyos-isquiaticos\/#primaryimage\",\"url\":\"https:\/\/www.vallasmetalia.com\/wp-content\/uploads\/2024\/12\/D3D0A147-3D40-9A9C-164D-E8B9ACB1FD2D.jpg\",\"contentUrl\":\"https:\/\/www.vallasmetalia.com\/wp-content\/uploads\/2024\/12\/D3D0A147-3D40-9A9C-164D-E8B9ACB1FD2D.jpg\",\"width\":246,\"height\":179},{\"@type\":\"BreadcrumbList\",\"@id\":\"https:\/\/www.vallasmetalia.com\/fr\/producto\/apoyos-isquiaticos\/#breadcrumb\",\"itemListElement\":[{\"@type\":\"ListItem\",\"position\":1,\"name\":\"Inicio\",\"item\":\"https:\/\/www.vallasmetalia.com\/fr\/\"},{\"@type\":\"ListItem\",\"position\":2,\"name\":\"Produits\",\"item\":\"https:\/\/www.vallasmetalia.com\/fr\/shop\/\"},{\"@type\":\"ListItem\",\"position\":3,\"name\":\"Supports ischiatiques\"}]},{\"@type\":\"WebSite\",\"@id\":\"https:\/\/www.vallasmetalia.com\/fr\/#website\",\"url\":\"https:\/\/www.vallasmetalia.com\/fr\/\",\"name\":\"Vallas Metalia\",\"description\":\"Nuevas soluciones para arquitectura y urbanismo\",\"potentialAction\":[{\"@type\":\"SearchAction\",\"target\":{\"@type\":\"EntryPoint\",\"urlTemplate\":\"https:\/\/www.vallasmetalia.com\/fr\/?s={search_term_string}\"},\"query-input\":{\"@type\":\"PropertyValueSpecification\",\"valueRequired\":true,\"valueName\":\"search_term_string\"}}],\"inLanguage\":\"fr-FR\"}]}<\/script>\n<!-- \/ Yoast SEO plugin. -->","yoast_head_json":{"title":"Supports ischiatiques - Vallas Metalia","robots":{"index":"index","follow":"follow","max-snippet":"max-snippet:-1","max-image-preview":"max-image-preview:large","max-video-preview":"max-video-preview:-1"},"canonical":"https:\/\/www.vallasmetalia.com\/fr\/producto\/apoyos-isquiaticos\/","og_locale":"fr_FR","og_type":"article","og_title":"Supports ischiatiques - Vallas Metalia","og_description":"\u00c9l\u00e9ments de l&rsquo;ADP Si\u00e8ges pour se reposer en position debout [&hellip;]","og_url":"https:\/\/www.vallasmetalia.com\/fr\/producto\/apoyos-isquiaticos\/","og_site_name":"Vallas Metalia","article_modified_time":"2025-02-26T16:15:38+00:00","og_image":[{"width":246,"height":179,"url":"https:\/\/www.vallasmetalia.com\/wp-content\/uploads\/2024\/12\/D3D0A147-3D40-9A9C-164D-E8B9ACB1FD2D.jpg","type":"image\/jpeg"}],"twitter_card":"summary_large_image","twitter_misc":{"Dur\u00e9e de lecture estim\u00e9e":"1 minute"},"schema":{"@context":"https:\/\/schema.org","@graph":[{"@type":"WebPage","@id":"https:\/\/www.vallasmetalia.com\/fr\/producto\/apoyos-isquiaticos\/","url":"https:\/\/www.vallasmetalia.com\/fr\/producto\/apoyos-isquiaticos\/","name":"Supports ischiatiques - Vallas Metalia","isPartOf":{"@id":"https:\/\/www.vallasmetalia.com\/fr\/#website"},"primaryImageOfPage":{"@id":"https:\/\/www.vallasmetalia.com\/fr\/producto\/apoyos-isquiaticos\/#primaryimage"},"image":{"@id":"https:\/\/www.vallasmetalia.com\/fr\/producto\/apoyos-isquiaticos\/#primaryimage"},"thumbnailUrl":"https:\/\/www.vallasmetalia.com\/wp-content\/uploads\/2024\/12\/D3D0A147-3D40-9A9C-164D-E8B9ACB1FD2D.jpg","datePublished":"2025-01-09T14:55:40+00:00","dateModified":"2025-02-26T16:15:38+00:00","breadcrumb":{"@id":"https:\/\/www.vallasmetalia.com\/fr\/producto\/apoyos-isquiaticos\/#breadcrumb"},"inLanguage":"fr-FR","potentialAction":[{"@type":"ReadAction","target":["https:\/\/www.vallasmetalia.com\/fr\/producto\/apoyos-isquiaticos\/"]}]},{"@type":"ImageObject","inLanguage":"fr-FR","@id":"https:\/\/www.vallasmetalia.com\/fr\/producto\/apoyos-isquiaticos\/#primaryimage","url":"https:\/\/www.vallasmetalia.com\/wp-content\/uploads\/2024\/12\/D3D0A147-3D40-9A9C-164D-E8B9ACB1FD2D.jpg","contentUrl":"https:\/\/www.vallasmetalia.com\/wp-content\/uploads\/2024\/12\/D3D0A147-3D40-9A9C-164D-E8B9ACB1FD2D.jpg","width":246,"height":179},{"@type":"BreadcrumbList","@id":"https:\/\/www.vallasmetalia.com\/fr\/producto\/apoyos-isquiaticos\/#breadcrumb","itemListElement":[{"@type":"ListItem","position":1,"name":"Inicio","item":"https:\/\/www.vallasmetalia.com\/fr\/"},{"@type":"ListItem","position":2,"name":"Produits","item":"https:\/\/www.vallasmetalia.com\/fr\/shop\/"},{"@type":"ListItem","position":3,"name":"Supports ischiatiques"}]},{"@type":"WebSite","@id":"https:\/\/www.vallasmetalia.com\/fr\/#website","url":"https:\/\/www.vallasmetalia.com\/fr\/","name":"Vallas Metalia","description":"Nuevas soluciones para arquitectura y urbanismo","potentialAction":[{"@type":"SearchAction","target":{"@type":"EntryPoint","urlTemplate":"https:\/\/www.vallasmetalia.com\/fr\/?s={search_term_string}"},"query-input":{"@type":"PropertyValueSpecification","valueRequired":true,"valueName":"search_term_string"}}],"inLanguage":"fr-FR"}]}},"_links":{"self":[{"href":"https:\/\/www.vallasmetalia.com\/fr\/wp-json\/wp\/v2\/product\/10971","targetHints":{"allow":["GET"]}}],"collection":[{"href":"https:\/\/www.vallasmetalia.com\/fr\/wp-json\/wp\/v2\/product"}],"about":[{"href":"https:\/\/www.vallasmetalia.com\/fr\/wp-json\/wp\/v2\/types\/product"}],"wp:featuredmedia":[{"embeddable":true,"href":"https:\/\/www.vallasmetalia.com\/fr\/wp-json\/wp\/v2\/media\/10973"}],"wp:attachment":[{"href":"https:\/\/www.vallasmetalia.com\/fr\/wp-json\/wp\/v2\/media?parent=10971"}],"wp:term":[{"taxonomy":"material-producto","embeddable":true,"href":"https:\/\/www.vallasmetalia.com\/fr\/wp-json\/wp\/v2\/material-producto?post=10971"},{"taxonomy":"product_brand","embeddable":true,"href":"https:\/\/www.vallasmetalia.com\/fr\/wp-json\/wp\/v2\/product_brand?post=10971"},{"taxonomy":"product_cat","embeddable":true,"href":"https:\/\/www.vallasmetalia.com\/fr\/wp-json\/wp\/v2\/product_cat?post=10971"},{"taxonomy":"product_tag","embeddable":true,"href":"https:\/\/www.vallasmetalia.com\/fr\/wp-json\/wp\/v2\/product_tag?post=10971"}],"curies":[{"name":"wp","href":"https:\/\/api.w.org\/{rel}","templated":true}]}}