{"id":10984,"date":"2025-01-09T15:55:40","date_gmt":"2025-01-09T14:55:40","guid":{"rendered":"https:\/\/www.vallasmetalia.com\/producto\/hito-elipso\/"},"modified":"2025-02-27T12:55:24","modified_gmt":"2025-02-27T11:55:24","slug":"borne-elipso","status":"publish","type":"product","link":"https:\/\/www.vallasmetalia.com\/fr\/producto\/borne-elipso\/","title":{"rendered":"Borne elipso"},"content":{"rendered":"<h4><span style=\"color: #888888;\"><img decoding=\"async\" class=\"\" src=\"\/wp-content\/uploads\/2024\/12\/58087777-EC92-3021-2109-55603962CFC8.jpg\" alt=\"\" width=\"130\" height=\"66\"><br \/>\n<\/span><\/h4>\n<p><span style=\"color: #000000;\">Borne en acier disponible en deux hauteurs. De \u00f880 mm et 2 mm d&rsquo;\u00e9paisseur avec finition sup\u00e9rieure en fonte d&rsquo;aluminium.<br \/>\nAncrage: pied pour sceller. Couronne n\u00e9cessaire: \u00f8&gt;60 mm. <\/span><\/p>\n<h3><span style=\"color: #51af38;\">Dimensions<\/span><\/h3>\n<p><span style=\"color: #000000;\"><strong>Bornes fixes<\/strong><\/span><\/p>\n<table border=\"0\">\n<tbody>\n<tr valign=\"top\">\n<td>R\u00e9f. H-ELP-C<br \/>\n<img decoding=\"async\" src=\"\/wp-content\/uploads\/2024\/12\/93007E85-2454-ADA1-6427-0C3F2628682F.jpg\" alt=\"\" width=\"120\"><\/td>\n<td>R\u00e9f. H-ELP-L<br \/>\n<img decoding=\"async\" src=\"\/wp-content\/uploads\/2024\/12\/1439DDE4-F598-73B4-8983-C926C24A878E.jpg\" alt=\"\" width=\"120\"><\/td>\n<\/tr>\n<\/tbody>\n<\/table>\n<p>&nbsp;<\/p>\n<p><strong>Bornes amovibles<\/strong><\/p>\n<table border=\"0\">\n<tbody>\n<tr valign=\"top\">\n<td>R\u00e9f. H-ELP-C-EXT<br \/>\n<img decoding=\"async\" src=\"\/wp-content\/uploads\/2024\/12\/E1AAA468-8FC6-B992-C6D7-AFC774ADD2FC.jpg\" alt=\"\" width=\"120\"><br \/>\nSocle pour sceller<br \/>\nR\u00e9f. CJ-EXT <\/td>\n<td valign=\"top\">R\u00e9f. H-ELP-L-EXT<br \/>\n<img decoding=\"async\" src=\"\/wp-content\/uploads\/2024\/12\/89239850-D88F-E737-6CED-CF516F51FE94.jpg\" alt=\"\" width=\"120\"><br \/>\nSocle pour sceller<br \/>\nR\u00e9f. CJ-EXT <\/td>\n<\/tr>\n<\/tbody>\n<\/table>\n<p><strong><br \/>\nPlus d&rsquo;options sur le syst\u00e8me amovible dans la rubrique Options et Compl\u00e9ments.<\/strong><\/p>\n<p>*Dimensions en mm.<\/p>\n<p>*Tous les produits de ce catalogue sont prot\u00e9g\u00e9s avec un Registre de Dessin Industriel Communautaire.<\/p>\n","protected":false},"excerpt":{"rendered":"<p>Borne en acier disponible en deux hauteurs. De \u00f880 mm [&hellip;]<\/p>\n","protected":false},"featured_media":10986,"template":"","meta":{"_acf_changed":false},"material-producto":[635],"product_brand":[],"product_cat":[615],"product_tag":[],"class_list":{"0":"post-10984","1":"product","2":"type-product","3":"status-publish","4":"has-post-thumbnail","6":"material-producto-acier","7":"product_cat-bornes","9":"first","10":"instock","11":"product-type-simple"},"acf":[],"yoast_head":"<!-- This site is optimized with the Yoast SEO plugin v25.1 - https:\/\/yoast.com\/wordpress\/plugins\/seo\/ -->\n<title>Borne elipso - Vallas Metalia<\/title>\n<meta name=\"robots\" content=\"index, follow, max-snippet:-1, max-image-preview:large, max-video-preview:-1\" \/>\n<link rel=\"canonical\" href=\"https:\/\/www.vallasmetalia.com\/fr\/producto\/borne-elipso\/\" \/>\n<meta property=\"og:locale\" content=\"fr_FR\" \/>\n<meta property=\"og:type\" content=\"article\" \/>\n<meta property=\"og:title\" content=\"Borne elipso - Vallas Metalia\" \/>\n<meta property=\"og:description\" content=\"Borne en acier disponible en deux hauteurs. De \u00f880 mm [&hellip;]\" \/>\n<meta property=\"og:url\" content=\"https:\/\/www.vallasmetalia.com\/fr\/producto\/borne-elipso\/\" \/>\n<meta property=\"og:site_name\" content=\"Vallas Metalia\" \/>\n<meta property=\"article:modified_time\" content=\"2025-02-27T11:55:24+00:00\" \/>\n<meta property=\"og:image\" content=\"https:\/\/www.vallasmetalia.com\/wp-content\/uploads\/2024\/12\/E2C37866-7B81-3A95-58DF-F96C6C85E97F.jpg\" \/>\n\t<meta property=\"og:image:width\" content=\"246\" \/>\n\t<meta property=\"og:image:height\" content=\"179\" \/>\n\t<meta property=\"og:image:type\" content=\"image\/jpeg\" \/>\n<meta name=\"twitter:card\" content=\"summary_large_image\" \/>\n<meta name=\"twitter:label1\" content=\"Dur\u00e9e de lecture estim\u00e9e\" \/>\n\t<meta name=\"twitter:data1\" content=\"2 minutes\" \/>\n<script type=\"application\/ld+json\" class=\"yoast-schema-graph\">{\"@context\":\"https:\/\/schema.org\",\"@graph\":[{\"@type\":\"WebPage\",\"@id\":\"https:\/\/www.vallasmetalia.com\/fr\/producto\/borne-elipso\/\",\"url\":\"https:\/\/www.vallasmetalia.com\/fr\/producto\/borne-elipso\/\",\"name\":\"Borne elipso - Vallas Metalia\",\"isPartOf\":{\"@id\":\"https:\/\/www.vallasmetalia.com\/fr\/#website\"},\"primaryImageOfPage\":{\"@id\":\"https:\/\/www.vallasmetalia.com\/fr\/producto\/borne-elipso\/#primaryimage\"},\"image\":{\"@id\":\"https:\/\/www.vallasmetalia.com\/fr\/producto\/borne-elipso\/#primaryimage\"},\"thumbnailUrl\":\"https:\/\/www.vallasmetalia.com\/wp-content\/uploads\/2024\/12\/E2C37866-7B81-3A95-58DF-F96C6C85E97F.jpg\",\"datePublished\":\"2025-01-09T14:55:40+00:00\",\"dateModified\":\"2025-02-27T11:55:24+00:00\",\"breadcrumb\":{\"@id\":\"https:\/\/www.vallasmetalia.com\/fr\/producto\/borne-elipso\/#breadcrumb\"},\"inLanguage\":\"fr-FR\",\"potentialAction\":[{\"@type\":\"ReadAction\",\"target\":[\"https:\/\/www.vallasmetalia.com\/fr\/producto\/borne-elipso\/\"]}]},{\"@type\":\"ImageObject\",\"inLanguage\":\"fr-FR\",\"@id\":\"https:\/\/www.vallasmetalia.com\/fr\/producto\/borne-elipso\/#primaryimage\",\"url\":\"https:\/\/www.vallasmetalia.com\/wp-content\/uploads\/2024\/12\/E2C37866-7B81-3A95-58DF-F96C6C85E97F.jpg\",\"contentUrl\":\"https:\/\/www.vallasmetalia.com\/wp-content\/uploads\/2024\/12\/E2C37866-7B81-3A95-58DF-F96C6C85E97F.jpg\",\"width\":246,\"height\":179},{\"@type\":\"BreadcrumbList\",\"@id\":\"https:\/\/www.vallasmetalia.com\/fr\/producto\/borne-elipso\/#breadcrumb\",\"itemListElement\":[{\"@type\":\"ListItem\",\"position\":1,\"name\":\"Inicio\",\"item\":\"https:\/\/www.vallasmetalia.com\/fr\/\"},{\"@type\":\"ListItem\",\"position\":2,\"name\":\"Produits\",\"item\":\"https:\/\/www.vallasmetalia.com\/fr\/shop\/\"},{\"@type\":\"ListItem\",\"position\":3,\"name\":\"Borne elipso\"}]},{\"@type\":\"WebSite\",\"@id\":\"https:\/\/www.vallasmetalia.com\/fr\/#website\",\"url\":\"https:\/\/www.vallasmetalia.com\/fr\/\",\"name\":\"Vallas Metalia\",\"description\":\"Nuevas soluciones para arquitectura y urbanismo\",\"potentialAction\":[{\"@type\":\"SearchAction\",\"target\":{\"@type\":\"EntryPoint\",\"urlTemplate\":\"https:\/\/www.vallasmetalia.com\/fr\/?s={search_term_string}\"},\"query-input\":{\"@type\":\"PropertyValueSpecification\",\"valueRequired\":true,\"valueName\":\"search_term_string\"}}],\"inLanguage\":\"fr-FR\"}]}<\/script>\n<!-- \/ Yoast SEO plugin. -->","yoast_head_json":{"title":"Borne elipso - Vallas Metalia","robots":{"index":"index","follow":"follow","max-snippet":"max-snippet:-1","max-image-preview":"max-image-preview:large","max-video-preview":"max-video-preview:-1"},"canonical":"https:\/\/www.vallasmetalia.com\/fr\/producto\/borne-elipso\/","og_locale":"fr_FR","og_type":"article","og_title":"Borne elipso - Vallas Metalia","og_description":"Borne en acier disponible en deux hauteurs. De \u00f880 mm [&hellip;]","og_url":"https:\/\/www.vallasmetalia.com\/fr\/producto\/borne-elipso\/","og_site_name":"Vallas Metalia","article_modified_time":"2025-02-27T11:55:24+00:00","og_image":[{"width":246,"height":179,"url":"https:\/\/www.vallasmetalia.com\/wp-content\/uploads\/2024\/12\/E2C37866-7B81-3A95-58DF-F96C6C85E97F.jpg","type":"image\/jpeg"}],"twitter_card":"summary_large_image","twitter_misc":{"Dur\u00e9e de lecture estim\u00e9e":"2 minutes"},"schema":{"@context":"https:\/\/schema.org","@graph":[{"@type":"WebPage","@id":"https:\/\/www.vallasmetalia.com\/fr\/producto\/borne-elipso\/","url":"https:\/\/www.vallasmetalia.com\/fr\/producto\/borne-elipso\/","name":"Borne elipso - Vallas Metalia","isPartOf":{"@id":"https:\/\/www.vallasmetalia.com\/fr\/#website"},"primaryImageOfPage":{"@id":"https:\/\/www.vallasmetalia.com\/fr\/producto\/borne-elipso\/#primaryimage"},"image":{"@id":"https:\/\/www.vallasmetalia.com\/fr\/producto\/borne-elipso\/#primaryimage"},"thumbnailUrl":"https:\/\/www.vallasmetalia.com\/wp-content\/uploads\/2024\/12\/E2C37866-7B81-3A95-58DF-F96C6C85E97F.jpg","datePublished":"2025-01-09T14:55:40+00:00","dateModified":"2025-02-27T11:55:24+00:00","breadcrumb":{"@id":"https:\/\/www.vallasmetalia.com\/fr\/producto\/borne-elipso\/#breadcrumb"},"inLanguage":"fr-FR","potentialAction":[{"@type":"ReadAction","target":["https:\/\/www.vallasmetalia.com\/fr\/producto\/borne-elipso\/"]}]},{"@type":"ImageObject","inLanguage":"fr-FR","@id":"https:\/\/www.vallasmetalia.com\/fr\/producto\/borne-elipso\/#primaryimage","url":"https:\/\/www.vallasmetalia.com\/wp-content\/uploads\/2024\/12\/E2C37866-7B81-3A95-58DF-F96C6C85E97F.jpg","contentUrl":"https:\/\/www.vallasmetalia.com\/wp-content\/uploads\/2024\/12\/E2C37866-7B81-3A95-58DF-F96C6C85E97F.jpg","width":246,"height":179},{"@type":"BreadcrumbList","@id":"https:\/\/www.vallasmetalia.com\/fr\/producto\/borne-elipso\/#breadcrumb","itemListElement":[{"@type":"ListItem","position":1,"name":"Inicio","item":"https:\/\/www.vallasmetalia.com\/fr\/"},{"@type":"ListItem","position":2,"name":"Produits","item":"https:\/\/www.vallasmetalia.com\/fr\/shop\/"},{"@type":"ListItem","position":3,"name":"Borne elipso"}]},{"@type":"WebSite","@id":"https:\/\/www.vallasmetalia.com\/fr\/#website","url":"https:\/\/www.vallasmetalia.com\/fr\/","name":"Vallas Metalia","description":"Nuevas soluciones para arquitectura y urbanismo","potentialAction":[{"@type":"SearchAction","target":{"@type":"EntryPoint","urlTemplate":"https:\/\/www.vallasmetalia.com\/fr\/?s={search_term_string}"},"query-input":{"@type":"PropertyValueSpecification","valueRequired":true,"valueName":"search_term_string"}}],"inLanguage":"fr-FR"}]}},"_links":{"self":[{"href":"https:\/\/www.vallasmetalia.com\/fr\/wp-json\/wp\/v2\/product\/10984","targetHints":{"allow":["GET"]}}],"collection":[{"href":"https:\/\/www.vallasmetalia.com\/fr\/wp-json\/wp\/v2\/product"}],"about":[{"href":"https:\/\/www.vallasmetalia.com\/fr\/wp-json\/wp\/v2\/types\/product"}],"wp:featuredmedia":[{"embeddable":true,"href":"https:\/\/www.vallasmetalia.com\/fr\/wp-json\/wp\/v2\/media\/10986"}],"wp:attachment":[{"href":"https:\/\/www.vallasmetalia.com\/fr\/wp-json\/wp\/v2\/media?parent=10984"}],"wp:term":[{"taxonomy":"material-producto","embeddable":true,"href":"https:\/\/www.vallasmetalia.com\/fr\/wp-json\/wp\/v2\/material-producto?post=10984"},{"taxonomy":"product_brand","embeddable":true,"href":"https:\/\/www.vallasmetalia.com\/fr\/wp-json\/wp\/v2\/product_brand?post=10984"},{"taxonomy":"product_cat","embeddable":true,"href":"https:\/\/www.vallasmetalia.com\/fr\/wp-json\/wp\/v2\/product_cat?post=10984"},{"taxonomy":"product_tag","embeddable":true,"href":"https:\/\/www.vallasmetalia.com\/fr\/wp-json\/wp\/v2\/product_tag?post=10984"}],"curies":[{"name":"wp","href":"https:\/\/api.w.org\/{rel}","templated":true}]}}