{"id":11006,"date":"2025-01-09T15:55:14","date_gmt":"2025-01-09T14:55:14","guid":{"rendered":"https:\/\/www.vallasmetalia.com\/producto\/borde-de-jardin-colgante-20\/"},"modified":"2025-02-27T12:48:34","modified_gmt":"2025-02-27T11:48:34","slug":"bordures-de-jardin-colgante-20","status":"publish","type":"product","link":"https:\/\/www.vallasmetalia.com\/fr\/producto\/bordures-de-jardin-colgante-20\/","title":{"rendered":"Bordures de jardin colgante 20"},"content":{"rendered":"<h3><span style=\"color: #99cc00;\">R\u00e9f. VJ-BL-95<\/span><br \/>\n<img decoding=\"async\" src=\"\/wp-content\/uploads\/2024\/12\/7CC01A88-A96D-8C0E-49AB-58EB85B12B09.jpg\" alt=\"\" width=\"480\" \/><\/h3>\n<h3><span style=\"color: #99cc00;\">R\u00e9f. VJ-BL-127<\/span><br \/>\n<img decoding=\"async\" src=\"\/wp-content\/uploads\/2024\/12\/A21AA90B-3BF3-CA78-7FD7-5AD69E5FC332.jpg\" alt=\"\" width=\"480\" \/><\/h3>\n<h3><span style=\"color: #99cc00;\">R\u00e9f. VJ-BL-286<\/span><br \/>\n<img decoding=\"async\" src=\"\/wp-content\/uploads\/2024\/12\/51B24D3F-AF52-F675-72B2-E078B21EFDD7.jpg\" alt=\"\" width=\"480\" \/><\/h3>\n<p><strong>Traverse zigzag: 159 \/ 25 x 4<\/strong><\/p>\n<p><strong>Dimensions en mm<\/strong><\/p>\n","protected":false},"excerpt":{"rendered":"<p>R\u00e9f. VJ-BL-95 R\u00e9f. VJ-BL-127 R\u00e9f. VJ-BL-286 Traverse zigzag: 159 \/ [&hellip;]<\/p>\n","protected":false},"featured_media":11007,"template":"","meta":{"_acf_changed":false},"material-producto":[635,636,637],"product_brand":[],"product_cat":[610,606],"product_tag":[],"class_list":{"0":"post-11006","1":"product","2":"type-product","3":"status-publish","4":"has-post-thumbnail","6":"material-producto-acier","7":"material-producto-aluminium","8":"material-producto-inox-fr","9":"product_cat-bordures-de-jardins","10":"product_cat-serie-zigzag-fr-bordures","12":"first","13":"instock","14":"product-type-simple"},"acf":[],"yoast_head":"<!-- This site is optimized with the Yoast SEO plugin v25.1 - https:\/\/yoast.com\/wordpress\/plugins\/seo\/ -->\n<title>Bordures de jardin colgante 20 - Vallas Metalia<\/title>\n<meta name=\"robots\" content=\"index, follow, max-snippet:-1, max-image-preview:large, max-video-preview:-1\" \/>\n<link rel=\"canonical\" href=\"https:\/\/www.vallasmetalia.com\/fr\/producto\/bordures-de-jardin-colgante-20\/\" \/>\n<meta property=\"og:locale\" content=\"fr_FR\" \/>\n<meta property=\"og:type\" content=\"article\" \/>\n<meta property=\"og:title\" content=\"Bordures de jardin colgante 20 - Vallas Metalia\" \/>\n<meta property=\"og:description\" content=\"R\u00e9f. VJ-BL-95 R\u00e9f. VJ-BL-127 R\u00e9f. VJ-BL-286 Traverse zigzag: 159 \/ [&hellip;]\" \/>\n<meta property=\"og:url\" content=\"https:\/\/www.vallasmetalia.com\/fr\/producto\/bordures-de-jardin-colgante-20\/\" \/>\n<meta property=\"og:site_name\" content=\"Vallas Metalia\" \/>\n<meta property=\"article:modified_time\" content=\"2025-02-27T11:48:34+00:00\" \/>\n<meta property=\"og:image\" content=\"https:\/\/www.vallasmetalia.com\/wp-content\/uploads\/2024\/12\/2C8DBB89-0F15-766C-4215-CBE9CBC05234.jpg\" \/>\n\t<meta property=\"og:image:width\" content=\"246\" \/>\n\t<meta property=\"og:image:height\" content=\"179\" \/>\n\t<meta property=\"og:image:type\" content=\"image\/jpeg\" \/>\n<meta name=\"twitter:card\" content=\"summary_large_image\" \/>\n<meta name=\"twitter:label1\" content=\"Dur\u00e9e de lecture estim\u00e9e\" \/>\n\t<meta name=\"twitter:data1\" content=\"1 minute\" \/>\n<script type=\"application\/ld+json\" class=\"yoast-schema-graph\">{\"@context\":\"https:\/\/schema.org\",\"@graph\":[{\"@type\":\"WebPage\",\"@id\":\"https:\/\/www.vallasmetalia.com\/fr\/producto\/bordures-de-jardin-colgante-20\/\",\"url\":\"https:\/\/www.vallasmetalia.com\/fr\/producto\/bordures-de-jardin-colgante-20\/\",\"name\":\"Bordures de jardin colgante 20 - Vallas Metalia\",\"isPartOf\":{\"@id\":\"https:\/\/www.vallasmetalia.com\/fr\/#website\"},\"primaryImageOfPage\":{\"@id\":\"https:\/\/www.vallasmetalia.com\/fr\/producto\/bordures-de-jardin-colgante-20\/#primaryimage\"},\"image\":{\"@id\":\"https:\/\/www.vallasmetalia.com\/fr\/producto\/bordures-de-jardin-colgante-20\/#primaryimage\"},\"thumbnailUrl\":\"https:\/\/www.vallasmetalia.com\/wp-content\/uploads\/2024\/12\/2C8DBB89-0F15-766C-4215-CBE9CBC05234.jpg\",\"datePublished\":\"2025-01-09T14:55:14+00:00\",\"dateModified\":\"2025-02-27T11:48:34+00:00\",\"breadcrumb\":{\"@id\":\"https:\/\/www.vallasmetalia.com\/fr\/producto\/bordures-de-jardin-colgante-20\/#breadcrumb\"},\"inLanguage\":\"fr-FR\",\"potentialAction\":[{\"@type\":\"ReadAction\",\"target\":[\"https:\/\/www.vallasmetalia.com\/fr\/producto\/bordures-de-jardin-colgante-20\/\"]}]},{\"@type\":\"ImageObject\",\"inLanguage\":\"fr-FR\",\"@id\":\"https:\/\/www.vallasmetalia.com\/fr\/producto\/bordures-de-jardin-colgante-20\/#primaryimage\",\"url\":\"https:\/\/www.vallasmetalia.com\/wp-content\/uploads\/2024\/12\/2C8DBB89-0F15-766C-4215-CBE9CBC05234.jpg\",\"contentUrl\":\"https:\/\/www.vallasmetalia.com\/wp-content\/uploads\/2024\/12\/2C8DBB89-0F15-766C-4215-CBE9CBC05234.jpg\",\"width\":246,\"height\":179},{\"@type\":\"BreadcrumbList\",\"@id\":\"https:\/\/www.vallasmetalia.com\/fr\/producto\/bordures-de-jardin-colgante-20\/#breadcrumb\",\"itemListElement\":[{\"@type\":\"ListItem\",\"position\":1,\"name\":\"Inicio\",\"item\":\"https:\/\/www.vallasmetalia.com\/fr\/\"},{\"@type\":\"ListItem\",\"position\":2,\"name\":\"Produits\",\"item\":\"https:\/\/www.vallasmetalia.com\/fr\/shop\/\"},{\"@type\":\"ListItem\",\"position\":3,\"name\":\"Bordures de jardin colgante 20\"}]},{\"@type\":\"WebSite\",\"@id\":\"https:\/\/www.vallasmetalia.com\/fr\/#website\",\"url\":\"https:\/\/www.vallasmetalia.com\/fr\/\",\"name\":\"Vallas Metalia\",\"description\":\"Nuevas soluciones para arquitectura y urbanismo\",\"potentialAction\":[{\"@type\":\"SearchAction\",\"target\":{\"@type\":\"EntryPoint\",\"urlTemplate\":\"https:\/\/www.vallasmetalia.com\/fr\/?s={search_term_string}\"},\"query-input\":{\"@type\":\"PropertyValueSpecification\",\"valueRequired\":true,\"valueName\":\"search_term_string\"}}],\"inLanguage\":\"fr-FR\"}]}<\/script>\n<!-- \/ Yoast SEO plugin. -->","yoast_head_json":{"title":"Bordures de jardin colgante 20 - Vallas Metalia","robots":{"index":"index","follow":"follow","max-snippet":"max-snippet:-1","max-image-preview":"max-image-preview:large","max-video-preview":"max-video-preview:-1"},"canonical":"https:\/\/www.vallasmetalia.com\/fr\/producto\/bordures-de-jardin-colgante-20\/","og_locale":"fr_FR","og_type":"article","og_title":"Bordures de jardin colgante 20 - Vallas Metalia","og_description":"R\u00e9f. VJ-BL-95 R\u00e9f. VJ-BL-127 R\u00e9f. VJ-BL-286 Traverse zigzag: 159 \/ [&hellip;]","og_url":"https:\/\/www.vallasmetalia.com\/fr\/producto\/bordures-de-jardin-colgante-20\/","og_site_name":"Vallas Metalia","article_modified_time":"2025-02-27T11:48:34+00:00","og_image":[{"width":246,"height":179,"url":"https:\/\/www.vallasmetalia.com\/wp-content\/uploads\/2024\/12\/2C8DBB89-0F15-766C-4215-CBE9CBC05234.jpg","type":"image\/jpeg"}],"twitter_card":"summary_large_image","twitter_misc":{"Dur\u00e9e de lecture estim\u00e9e":"1 minute"},"schema":{"@context":"https:\/\/schema.org","@graph":[{"@type":"WebPage","@id":"https:\/\/www.vallasmetalia.com\/fr\/producto\/bordures-de-jardin-colgante-20\/","url":"https:\/\/www.vallasmetalia.com\/fr\/producto\/bordures-de-jardin-colgante-20\/","name":"Bordures de jardin colgante 20 - Vallas Metalia","isPartOf":{"@id":"https:\/\/www.vallasmetalia.com\/fr\/#website"},"primaryImageOfPage":{"@id":"https:\/\/www.vallasmetalia.com\/fr\/producto\/bordures-de-jardin-colgante-20\/#primaryimage"},"image":{"@id":"https:\/\/www.vallasmetalia.com\/fr\/producto\/bordures-de-jardin-colgante-20\/#primaryimage"},"thumbnailUrl":"https:\/\/www.vallasmetalia.com\/wp-content\/uploads\/2024\/12\/2C8DBB89-0F15-766C-4215-CBE9CBC05234.jpg","datePublished":"2025-01-09T14:55:14+00:00","dateModified":"2025-02-27T11:48:34+00:00","breadcrumb":{"@id":"https:\/\/www.vallasmetalia.com\/fr\/producto\/bordures-de-jardin-colgante-20\/#breadcrumb"},"inLanguage":"fr-FR","potentialAction":[{"@type":"ReadAction","target":["https:\/\/www.vallasmetalia.com\/fr\/producto\/bordures-de-jardin-colgante-20\/"]}]},{"@type":"ImageObject","inLanguage":"fr-FR","@id":"https:\/\/www.vallasmetalia.com\/fr\/producto\/bordures-de-jardin-colgante-20\/#primaryimage","url":"https:\/\/www.vallasmetalia.com\/wp-content\/uploads\/2024\/12\/2C8DBB89-0F15-766C-4215-CBE9CBC05234.jpg","contentUrl":"https:\/\/www.vallasmetalia.com\/wp-content\/uploads\/2024\/12\/2C8DBB89-0F15-766C-4215-CBE9CBC05234.jpg","width":246,"height":179},{"@type":"BreadcrumbList","@id":"https:\/\/www.vallasmetalia.com\/fr\/producto\/bordures-de-jardin-colgante-20\/#breadcrumb","itemListElement":[{"@type":"ListItem","position":1,"name":"Inicio","item":"https:\/\/www.vallasmetalia.com\/fr\/"},{"@type":"ListItem","position":2,"name":"Produits","item":"https:\/\/www.vallasmetalia.com\/fr\/shop\/"},{"@type":"ListItem","position":3,"name":"Bordures de jardin colgante 20"}]},{"@type":"WebSite","@id":"https:\/\/www.vallasmetalia.com\/fr\/#website","url":"https:\/\/www.vallasmetalia.com\/fr\/","name":"Vallas Metalia","description":"Nuevas soluciones para arquitectura y urbanismo","potentialAction":[{"@type":"SearchAction","target":{"@type":"EntryPoint","urlTemplate":"https:\/\/www.vallasmetalia.com\/fr\/?s={search_term_string}"},"query-input":{"@type":"PropertyValueSpecification","valueRequired":true,"valueName":"search_term_string"}}],"inLanguage":"fr-FR"}]}},"_links":{"self":[{"href":"https:\/\/www.vallasmetalia.com\/fr\/wp-json\/wp\/v2\/product\/11006","targetHints":{"allow":["GET"]}}],"collection":[{"href":"https:\/\/www.vallasmetalia.com\/fr\/wp-json\/wp\/v2\/product"}],"about":[{"href":"https:\/\/www.vallasmetalia.com\/fr\/wp-json\/wp\/v2\/types\/product"}],"wp:featuredmedia":[{"embeddable":true,"href":"https:\/\/www.vallasmetalia.com\/fr\/wp-json\/wp\/v2\/media\/11007"}],"wp:attachment":[{"href":"https:\/\/www.vallasmetalia.com\/fr\/wp-json\/wp\/v2\/media?parent=11006"}],"wp:term":[{"taxonomy":"material-producto","embeddable":true,"href":"https:\/\/www.vallasmetalia.com\/fr\/wp-json\/wp\/v2\/material-producto?post=11006"},{"taxonomy":"product_brand","embeddable":true,"href":"https:\/\/www.vallasmetalia.com\/fr\/wp-json\/wp\/v2\/product_brand?post=11006"},{"taxonomy":"product_cat","embeddable":true,"href":"https:\/\/www.vallasmetalia.com\/fr\/wp-json\/wp\/v2\/product_cat?post=11006"},{"taxonomy":"product_tag","embeddable":true,"href":"https:\/\/www.vallasmetalia.com\/fr\/wp-json\/wp\/v2\/product_tag?post=11006"}],"curies":[{"name":"wp","href":"https:\/\/api.w.org\/{rel}","templated":true}]}}