{"id":11022,"date":"2025-01-09T15:55:14","date_gmt":"2025-01-09T14:55:14","guid":{"rendered":"https:\/\/www.vallasmetalia.com\/producto\/borde-de-jardin-onda-35\/"},"modified":"2025-02-27T12:54:19","modified_gmt":"2025-02-27T11:54:19","slug":"bordures-de-jardin-onda-35","status":"publish","type":"product","link":"https:\/\/www.vallasmetalia.com\/fr\/producto\/bordures-de-jardin-onda-35\/","title":{"rendered":"Bordures de jard\u00edn onda 35"},"content":{"rendered":"<h3><span style=\"color: #99cc00;\">R\u00e9f. VJ-AC-95<\/span><br \/>\n<img decoding=\"async\" src=\"\/wp-content\/uploads\/2024\/12\/6AF897C3-C5A2-ED53-D06B-F79B52C53CD8.jpg\" alt=\"\" width=\"480\" \/><\/h3>\n<h3><span style=\"color: #99cc00;\">R\u00e9f. VJ-AC-127<br \/>\n<\/span><img decoding=\"async\" src=\"\/wp-content\/uploads\/2024\/12\/CC817700-2C08-41D7-0822-64E41AE91B62.jpg\" alt=\"\" width=\"480\" \/><\/h3>\n<h3><span style=\"color: #99cc00;\">R\u00e9f. VJ-AC-286<br \/>\n<\/span><img decoding=\"async\" src=\"\/wp-content\/uploads\/2024\/12\/00527B52-0810-C975-876C-0FA752F6C6AA.jpg\" alt=\"\" width=\"480\" \/><\/h3>\n<p><strong>Traverse zigzag: 318 \/ 30 x 4<\/strong><\/p>\n<p><strong>Dimensions en mm<\/strong><\/p>\n","protected":false},"excerpt":{"rendered":"<p>R\u00e9f. VJ-AC-95 R\u00e9f. VJ-AC-127 R\u00e9f. VJ-AC-286 Traverse zigzag: 318 \/ [&hellip;]<\/p>\n","protected":false},"featured_media":11023,"template":"","meta":{"_acf_changed":false},"material-producto":[635,636,637],"product_brand":[],"product_cat":[610,606],"product_tag":[],"class_list":{"0":"post-11022","1":"product","2":"type-product","3":"status-publish","4":"has-post-thumbnail","6":"material-producto-acier","7":"material-producto-aluminium","8":"material-producto-inox-fr","9":"product_cat-bordures-de-jardins","10":"product_cat-serie-zigzag-fr-bordures","12":"first","13":"instock","14":"product-type-simple"},"acf":[],"yoast_head":"<!-- This site is optimized with the Yoast SEO plugin v25.1 - https:\/\/yoast.com\/wordpress\/plugins\/seo\/ -->\n<title>Bordures de jard\u00edn onda 35 - Vallas Metalia<\/title>\n<meta name=\"robots\" content=\"index, follow, max-snippet:-1, max-image-preview:large, max-video-preview:-1\" \/>\n<link rel=\"canonical\" href=\"https:\/\/www.vallasmetalia.com\/fr\/producto\/bordures-de-jardin-onda-35\/\" \/>\n<meta property=\"og:locale\" content=\"fr_FR\" \/>\n<meta property=\"og:type\" content=\"article\" \/>\n<meta property=\"og:title\" content=\"Bordures de jard\u00edn onda 35 - Vallas Metalia\" \/>\n<meta property=\"og:description\" content=\"R\u00e9f. VJ-AC-95 R\u00e9f. VJ-AC-127 R\u00e9f. VJ-AC-286 Traverse zigzag: 318 \/ [&hellip;]\" \/>\n<meta property=\"og:url\" content=\"https:\/\/www.vallasmetalia.com\/fr\/producto\/bordures-de-jardin-onda-35\/\" \/>\n<meta property=\"og:site_name\" content=\"Vallas Metalia\" \/>\n<meta property=\"article:modified_time\" content=\"2025-02-27T11:54:19+00:00\" \/>\n<meta property=\"og:image\" content=\"https:\/\/www.vallasmetalia.com\/wp-content\/uploads\/2024\/12\/06C04988-D8BC-9781-F937-C37801D99D0A.jpg\" \/>\n\t<meta property=\"og:image:width\" content=\"246\" \/>\n\t<meta property=\"og:image:height\" content=\"179\" \/>\n\t<meta property=\"og:image:type\" content=\"image\/jpeg\" \/>\n<meta name=\"twitter:card\" content=\"summary_large_image\" \/>\n<meta name=\"twitter:label1\" content=\"Dur\u00e9e de lecture estim\u00e9e\" \/>\n\t<meta name=\"twitter:data1\" content=\"1 minute\" \/>\n<script type=\"application\/ld+json\" class=\"yoast-schema-graph\">{\"@context\":\"https:\/\/schema.org\",\"@graph\":[{\"@type\":\"WebPage\",\"@id\":\"https:\/\/www.vallasmetalia.com\/fr\/producto\/bordures-de-jardin-onda-35\/\",\"url\":\"https:\/\/www.vallasmetalia.com\/fr\/producto\/bordures-de-jardin-onda-35\/\",\"name\":\"Bordures de jard\u00edn onda 35 - Vallas Metalia\",\"isPartOf\":{\"@id\":\"https:\/\/www.vallasmetalia.com\/fr\/#website\"},\"primaryImageOfPage\":{\"@id\":\"https:\/\/www.vallasmetalia.com\/fr\/producto\/bordures-de-jardin-onda-35\/#primaryimage\"},\"image\":{\"@id\":\"https:\/\/www.vallasmetalia.com\/fr\/producto\/bordures-de-jardin-onda-35\/#primaryimage\"},\"thumbnailUrl\":\"https:\/\/www.vallasmetalia.com\/wp-content\/uploads\/2024\/12\/06C04988-D8BC-9781-F937-C37801D99D0A.jpg\",\"datePublished\":\"2025-01-09T14:55:14+00:00\",\"dateModified\":\"2025-02-27T11:54:19+00:00\",\"breadcrumb\":{\"@id\":\"https:\/\/www.vallasmetalia.com\/fr\/producto\/bordures-de-jardin-onda-35\/#breadcrumb\"},\"inLanguage\":\"fr-FR\",\"potentialAction\":[{\"@type\":\"ReadAction\",\"target\":[\"https:\/\/www.vallasmetalia.com\/fr\/producto\/bordures-de-jardin-onda-35\/\"]}]},{\"@type\":\"ImageObject\",\"inLanguage\":\"fr-FR\",\"@id\":\"https:\/\/www.vallasmetalia.com\/fr\/producto\/bordures-de-jardin-onda-35\/#primaryimage\",\"url\":\"https:\/\/www.vallasmetalia.com\/wp-content\/uploads\/2024\/12\/06C04988-D8BC-9781-F937-C37801D99D0A.jpg\",\"contentUrl\":\"https:\/\/www.vallasmetalia.com\/wp-content\/uploads\/2024\/12\/06C04988-D8BC-9781-F937-C37801D99D0A.jpg\",\"width\":246,\"height\":179},{\"@type\":\"BreadcrumbList\",\"@id\":\"https:\/\/www.vallasmetalia.com\/fr\/producto\/bordures-de-jardin-onda-35\/#breadcrumb\",\"itemListElement\":[{\"@type\":\"ListItem\",\"position\":1,\"name\":\"Inicio\",\"item\":\"https:\/\/www.vallasmetalia.com\/fr\/\"},{\"@type\":\"ListItem\",\"position\":2,\"name\":\"Produits\",\"item\":\"https:\/\/www.vallasmetalia.com\/fr\/shop\/\"},{\"@type\":\"ListItem\",\"position\":3,\"name\":\"Bordures de jard\u00edn onda 35\"}]},{\"@type\":\"WebSite\",\"@id\":\"https:\/\/www.vallasmetalia.com\/fr\/#website\",\"url\":\"https:\/\/www.vallasmetalia.com\/fr\/\",\"name\":\"Vallas Metalia\",\"description\":\"Nuevas soluciones para arquitectura y urbanismo\",\"potentialAction\":[{\"@type\":\"SearchAction\",\"target\":{\"@type\":\"EntryPoint\",\"urlTemplate\":\"https:\/\/www.vallasmetalia.com\/fr\/?s={search_term_string}\"},\"query-input\":{\"@type\":\"PropertyValueSpecification\",\"valueRequired\":true,\"valueName\":\"search_term_string\"}}],\"inLanguage\":\"fr-FR\"}]}<\/script>\n<!-- \/ Yoast SEO plugin. -->","yoast_head_json":{"title":"Bordures de jard\u00edn onda 35 - Vallas Metalia","robots":{"index":"index","follow":"follow","max-snippet":"max-snippet:-1","max-image-preview":"max-image-preview:large","max-video-preview":"max-video-preview:-1"},"canonical":"https:\/\/www.vallasmetalia.com\/fr\/producto\/bordures-de-jardin-onda-35\/","og_locale":"fr_FR","og_type":"article","og_title":"Bordures de jard\u00edn onda 35 - Vallas Metalia","og_description":"R\u00e9f. VJ-AC-95 R\u00e9f. VJ-AC-127 R\u00e9f. VJ-AC-286 Traverse zigzag: 318 \/ [&hellip;]","og_url":"https:\/\/www.vallasmetalia.com\/fr\/producto\/bordures-de-jardin-onda-35\/","og_site_name":"Vallas Metalia","article_modified_time":"2025-02-27T11:54:19+00:00","og_image":[{"width":246,"height":179,"url":"https:\/\/www.vallasmetalia.com\/wp-content\/uploads\/2024\/12\/06C04988-D8BC-9781-F937-C37801D99D0A.jpg","type":"image\/jpeg"}],"twitter_card":"summary_large_image","twitter_misc":{"Dur\u00e9e de lecture estim\u00e9e":"1 minute"},"schema":{"@context":"https:\/\/schema.org","@graph":[{"@type":"WebPage","@id":"https:\/\/www.vallasmetalia.com\/fr\/producto\/bordures-de-jardin-onda-35\/","url":"https:\/\/www.vallasmetalia.com\/fr\/producto\/bordures-de-jardin-onda-35\/","name":"Bordures de jard\u00edn onda 35 - Vallas Metalia","isPartOf":{"@id":"https:\/\/www.vallasmetalia.com\/fr\/#website"},"primaryImageOfPage":{"@id":"https:\/\/www.vallasmetalia.com\/fr\/producto\/bordures-de-jardin-onda-35\/#primaryimage"},"image":{"@id":"https:\/\/www.vallasmetalia.com\/fr\/producto\/bordures-de-jardin-onda-35\/#primaryimage"},"thumbnailUrl":"https:\/\/www.vallasmetalia.com\/wp-content\/uploads\/2024\/12\/06C04988-D8BC-9781-F937-C37801D99D0A.jpg","datePublished":"2025-01-09T14:55:14+00:00","dateModified":"2025-02-27T11:54:19+00:00","breadcrumb":{"@id":"https:\/\/www.vallasmetalia.com\/fr\/producto\/bordures-de-jardin-onda-35\/#breadcrumb"},"inLanguage":"fr-FR","potentialAction":[{"@type":"ReadAction","target":["https:\/\/www.vallasmetalia.com\/fr\/producto\/bordures-de-jardin-onda-35\/"]}]},{"@type":"ImageObject","inLanguage":"fr-FR","@id":"https:\/\/www.vallasmetalia.com\/fr\/producto\/bordures-de-jardin-onda-35\/#primaryimage","url":"https:\/\/www.vallasmetalia.com\/wp-content\/uploads\/2024\/12\/06C04988-D8BC-9781-F937-C37801D99D0A.jpg","contentUrl":"https:\/\/www.vallasmetalia.com\/wp-content\/uploads\/2024\/12\/06C04988-D8BC-9781-F937-C37801D99D0A.jpg","width":246,"height":179},{"@type":"BreadcrumbList","@id":"https:\/\/www.vallasmetalia.com\/fr\/producto\/bordures-de-jardin-onda-35\/#breadcrumb","itemListElement":[{"@type":"ListItem","position":1,"name":"Inicio","item":"https:\/\/www.vallasmetalia.com\/fr\/"},{"@type":"ListItem","position":2,"name":"Produits","item":"https:\/\/www.vallasmetalia.com\/fr\/shop\/"},{"@type":"ListItem","position":3,"name":"Bordures de jard\u00edn onda 35"}]},{"@type":"WebSite","@id":"https:\/\/www.vallasmetalia.com\/fr\/#website","url":"https:\/\/www.vallasmetalia.com\/fr\/","name":"Vallas Metalia","description":"Nuevas soluciones para arquitectura y urbanismo","potentialAction":[{"@type":"SearchAction","target":{"@type":"EntryPoint","urlTemplate":"https:\/\/www.vallasmetalia.com\/fr\/?s={search_term_string}"},"query-input":{"@type":"PropertyValueSpecification","valueRequired":true,"valueName":"search_term_string"}}],"inLanguage":"fr-FR"}]}},"_links":{"self":[{"href":"https:\/\/www.vallasmetalia.com\/fr\/wp-json\/wp\/v2\/product\/11022","targetHints":{"allow":["GET"]}}],"collection":[{"href":"https:\/\/www.vallasmetalia.com\/fr\/wp-json\/wp\/v2\/product"}],"about":[{"href":"https:\/\/www.vallasmetalia.com\/fr\/wp-json\/wp\/v2\/types\/product"}],"wp:featuredmedia":[{"embeddable":true,"href":"https:\/\/www.vallasmetalia.com\/fr\/wp-json\/wp\/v2\/media\/11023"}],"wp:attachment":[{"href":"https:\/\/www.vallasmetalia.com\/fr\/wp-json\/wp\/v2\/media?parent=11022"}],"wp:term":[{"taxonomy":"material-producto","embeddable":true,"href":"https:\/\/www.vallasmetalia.com\/fr\/wp-json\/wp\/v2\/material-producto?post=11022"},{"taxonomy":"product_brand","embeddable":true,"href":"https:\/\/www.vallasmetalia.com\/fr\/wp-json\/wp\/v2\/product_brand?post=11022"},{"taxonomy":"product_cat","embeddable":true,"href":"https:\/\/www.vallasmetalia.com\/fr\/wp-json\/wp\/v2\/product_cat?post=11022"},{"taxonomy":"product_tag","embeddable":true,"href":"https:\/\/www.vallasmetalia.com\/fr\/wp-json\/wp\/v2\/product_tag?post=11022"}],"curies":[{"name":"wp","href":"https:\/\/api.w.org\/{rel}","templated":true}]}}