{"id":11031,"date":"2025-01-09T15:55:25","date_gmt":"2025-01-09T14:55:25","guid":{"rendered":"https:\/\/www.vallasmetalia.com\/producto\/microtrenzada-produit-de-base\/"},"modified":"2025-02-27T12:57:06","modified_gmt":"2025-02-27T11:57:06","slug":"microtrenzada-produit-de-base","status":"publish","type":"product","link":"https:\/\/www.vallasmetalia.com\/fr\/producto\/microtrenzada-produit-de-base\/","title":{"rendered":"MICROTRENZADA\u00ae Produit de base"},"content":{"rendered":"<h3><img decoding=\"async\" src=\"\/wp-content\/uploads\/2024\/12\/D0BB046E-2DEB-1B78-9148-EBA322ED8F94.jpg\" alt=\"\" width=\"450\"><\/h3>\n<h3><span style=\"color: #808080;\">MODELES<\/span><\/h3>\n<p><span style=\"color: #000000;\"><strong>T\u00f4le en aluminium MICROTRENZADA\u00ae alliage 30-H111, \u00e9paisseur 1,5 mm, avec bordures lat\u00e9rales de 2 cm pour les fi xations et chevauchements.<br \/>\nTube en aluminium alliage 6063 T5, \u00d812mm.<\/strong><\/span><\/p>\n<h3><span style=\"color: #808080;\">Sans tubes<\/span><\/h3>\n<p><span style=\"color: #000000;\">R\u00e9f.: MTO<\/span><\/p>\n<h3> <img decoding=\"async\" src=\"\/wp-content\/uploads\/2024\/12\/A053BF2A-334E-F1CC-68FE-C5A6B8A2812B.jpg\" alt=\"\" width=\"450\"><\/h3>\n<h3><span style=\"color: #808080;\">Avec tubes<\/span><\/h3>\n<p><span style=\"color: #000000;\">R\u00e9f.: MTR<\/span><\/p>\n<p><img decoding=\"async\" src=\"\/wp-content\/uploads\/2024\/12\/D36E4789-FAD5-B8D4-D7AB-7D6B7A77985A.jpg\" alt=\"\" width=\"450\"><\/p>\n<h3><span style=\"color: #808080;\">Formats standard de panneaux<\/span><\/h3>\n<table border=\"0\">\n<tbody>\n<tr>\n<td>R\u00e9f.: MTO-150\/MTR-150<br \/>\n<img decoding=\"async\" src=\"\/wp-content\/uploads\/2024\/12\/7DB495A0-EA72-F249-584D-D0755C12D652.jpg\" alt=\"\" width=\"220\"><\/td>\n<td>R\u00e9f.: MTO-200\/MTR-200<br \/>\n<img decoding=\"async\" src=\"\/wp-content\/uploads\/2024\/12\/E1DFB880-DD03-38B0-E16B-2D33243FF701.jpg\" alt=\"\" width=\"220\"><\/td>\n<\/tr>\n<tr>\n<td>R\u00e9f.: MTO-300\/MTR-300<br \/>\n<img decoding=\"async\" src=\"\/wp-content\/uploads\/2024\/12\/5379147C-F90E-1059-2066-417BA2026CBC.jpg\" alt=\"\" width=\"230\"><\/td>\n<td><\/td>\n<\/tr>\n<\/tbody>\n<\/table>\n<p>&nbsp;<\/p>\n<p>*Tous les mod\u00e8les inclus dans ce catalogues sont prot\u00e9g\u00e9s par le<br \/>\nBREVET EUROPEEN N\u00ba 09382088.4<\/p>\n","protected":false},"excerpt":{"rendered":"<p>MODELES T\u00f4le en aluminium MICROTRENZADA\u00ae alliage 30-H111, \u00e9paisseur 1,5 mm, [&hellip;]<\/p>\n","protected":false},"featured_media":11032,"template":"","meta":{"_acf_changed":false},"material-producto":[636],"product_brand":[],"product_cat":[613],"product_tag":[],"class_list":{"0":"post-11031","1":"product","2":"type-product","3":"status-publish","4":"has-post-thumbnail","6":"material-producto-aluminium","7":"product_cat-stand-dinformation","9":"first","10":"instock","11":"product-type-simple"},"acf":[],"yoast_head":"<!-- This site is optimized with the Yoast SEO plugin v25.1 - https:\/\/yoast.com\/wordpress\/plugins\/seo\/ -->\n<title>MICROTRENZADA\u00ae Produit de base - Vallas Metalia<\/title>\n<meta name=\"robots\" content=\"index, follow, max-snippet:-1, max-image-preview:large, max-video-preview:-1\" \/>\n<link rel=\"canonical\" href=\"https:\/\/www.vallasmetalia.com\/fr\/producto\/microtrenzada-produit-de-base\/\" \/>\n<meta property=\"og:locale\" content=\"fr_FR\" \/>\n<meta property=\"og:type\" content=\"article\" \/>\n<meta property=\"og:title\" content=\"MICROTRENZADA\u00ae Produit de base - Vallas Metalia\" \/>\n<meta property=\"og:description\" content=\"MODELES T\u00f4le en aluminium MICROTRENZADA\u00ae alliage 30-H111, \u00e9paisseur 1,5 mm, [&hellip;]\" \/>\n<meta property=\"og:url\" content=\"https:\/\/www.vallasmetalia.com\/fr\/producto\/microtrenzada-produit-de-base\/\" \/>\n<meta property=\"og:site_name\" content=\"Vallas Metalia\" \/>\n<meta property=\"article:modified_time\" content=\"2025-02-27T11:57:06+00:00\" \/>\n<meta property=\"og:image\" content=\"https:\/\/www.vallasmetalia.com\/wp-content\/uploads\/2024\/12\/F4216F26-5E03-CF0B-2812-2AD5CA19DEDB.jpg\" \/>\n\t<meta property=\"og:image:width\" content=\"246\" \/>\n\t<meta property=\"og:image:height\" content=\"179\" \/>\n\t<meta property=\"og:image:type\" content=\"image\/jpeg\" \/>\n<meta name=\"twitter:card\" content=\"summary_large_image\" \/>\n<meta name=\"twitter:label1\" content=\"Dur\u00e9e de lecture estim\u00e9e\" \/>\n\t<meta name=\"twitter:data1\" content=\"2 minutes\" \/>\n<script type=\"application\/ld+json\" class=\"yoast-schema-graph\">{\"@context\":\"https:\/\/schema.org\",\"@graph\":[{\"@type\":\"WebPage\",\"@id\":\"https:\/\/www.vallasmetalia.com\/fr\/producto\/microtrenzada-produit-de-base\/\",\"url\":\"https:\/\/www.vallasmetalia.com\/fr\/producto\/microtrenzada-produit-de-base\/\",\"name\":\"MICROTRENZADA\u00ae Produit de base - Vallas Metalia\",\"isPartOf\":{\"@id\":\"https:\/\/www.vallasmetalia.com\/fr\/#website\"},\"primaryImageOfPage\":{\"@id\":\"https:\/\/www.vallasmetalia.com\/fr\/producto\/microtrenzada-produit-de-base\/#primaryimage\"},\"image\":{\"@id\":\"https:\/\/www.vallasmetalia.com\/fr\/producto\/microtrenzada-produit-de-base\/#primaryimage\"},\"thumbnailUrl\":\"https:\/\/www.vallasmetalia.com\/wp-content\/uploads\/2024\/12\/F4216F26-5E03-CF0B-2812-2AD5CA19DEDB.jpg\",\"datePublished\":\"2025-01-09T14:55:25+00:00\",\"dateModified\":\"2025-02-27T11:57:06+00:00\",\"breadcrumb\":{\"@id\":\"https:\/\/www.vallasmetalia.com\/fr\/producto\/microtrenzada-produit-de-base\/#breadcrumb\"},\"inLanguage\":\"fr-FR\",\"potentialAction\":[{\"@type\":\"ReadAction\",\"target\":[\"https:\/\/www.vallasmetalia.com\/fr\/producto\/microtrenzada-produit-de-base\/\"]}]},{\"@type\":\"ImageObject\",\"inLanguage\":\"fr-FR\",\"@id\":\"https:\/\/www.vallasmetalia.com\/fr\/producto\/microtrenzada-produit-de-base\/#primaryimage\",\"url\":\"https:\/\/www.vallasmetalia.com\/wp-content\/uploads\/2024\/12\/F4216F26-5E03-CF0B-2812-2AD5CA19DEDB.jpg\",\"contentUrl\":\"https:\/\/www.vallasmetalia.com\/wp-content\/uploads\/2024\/12\/F4216F26-5E03-CF0B-2812-2AD5CA19DEDB.jpg\",\"width\":246,\"height\":179},{\"@type\":\"BreadcrumbList\",\"@id\":\"https:\/\/www.vallasmetalia.com\/fr\/producto\/microtrenzada-produit-de-base\/#breadcrumb\",\"itemListElement\":[{\"@type\":\"ListItem\",\"position\":1,\"name\":\"Inicio\",\"item\":\"https:\/\/www.vallasmetalia.com\/fr\/\"},{\"@type\":\"ListItem\",\"position\":2,\"name\":\"Produits\",\"item\":\"https:\/\/www.vallasmetalia.com\/fr\/shop\/\"},{\"@type\":\"ListItem\",\"position\":3,\"name\":\"MICROTRENZADA\u00ae Produit de base\"}]},{\"@type\":\"WebSite\",\"@id\":\"https:\/\/www.vallasmetalia.com\/fr\/#website\",\"url\":\"https:\/\/www.vallasmetalia.com\/fr\/\",\"name\":\"Vallas Metalia\",\"description\":\"Nuevas soluciones para arquitectura y urbanismo\",\"potentialAction\":[{\"@type\":\"SearchAction\",\"target\":{\"@type\":\"EntryPoint\",\"urlTemplate\":\"https:\/\/www.vallasmetalia.com\/fr\/?s={search_term_string}\"},\"query-input\":{\"@type\":\"PropertyValueSpecification\",\"valueRequired\":true,\"valueName\":\"search_term_string\"}}],\"inLanguage\":\"fr-FR\"}]}<\/script>\n<!-- \/ Yoast SEO plugin. -->","yoast_head_json":{"title":"MICROTRENZADA\u00ae Produit de base - Vallas Metalia","robots":{"index":"index","follow":"follow","max-snippet":"max-snippet:-1","max-image-preview":"max-image-preview:large","max-video-preview":"max-video-preview:-1"},"canonical":"https:\/\/www.vallasmetalia.com\/fr\/producto\/microtrenzada-produit-de-base\/","og_locale":"fr_FR","og_type":"article","og_title":"MICROTRENZADA\u00ae Produit de base - Vallas Metalia","og_description":"MODELES T\u00f4le en aluminium MICROTRENZADA\u00ae alliage 30-H111, \u00e9paisseur 1,5 mm, [&hellip;]","og_url":"https:\/\/www.vallasmetalia.com\/fr\/producto\/microtrenzada-produit-de-base\/","og_site_name":"Vallas Metalia","article_modified_time":"2025-02-27T11:57:06+00:00","og_image":[{"width":246,"height":179,"url":"https:\/\/www.vallasmetalia.com\/wp-content\/uploads\/2024\/12\/F4216F26-5E03-CF0B-2812-2AD5CA19DEDB.jpg","type":"image\/jpeg"}],"twitter_card":"summary_large_image","twitter_misc":{"Dur\u00e9e de lecture estim\u00e9e":"2 minutes"},"schema":{"@context":"https:\/\/schema.org","@graph":[{"@type":"WebPage","@id":"https:\/\/www.vallasmetalia.com\/fr\/producto\/microtrenzada-produit-de-base\/","url":"https:\/\/www.vallasmetalia.com\/fr\/producto\/microtrenzada-produit-de-base\/","name":"MICROTRENZADA\u00ae Produit de base - Vallas Metalia","isPartOf":{"@id":"https:\/\/www.vallasmetalia.com\/fr\/#website"},"primaryImageOfPage":{"@id":"https:\/\/www.vallasmetalia.com\/fr\/producto\/microtrenzada-produit-de-base\/#primaryimage"},"image":{"@id":"https:\/\/www.vallasmetalia.com\/fr\/producto\/microtrenzada-produit-de-base\/#primaryimage"},"thumbnailUrl":"https:\/\/www.vallasmetalia.com\/wp-content\/uploads\/2024\/12\/F4216F26-5E03-CF0B-2812-2AD5CA19DEDB.jpg","datePublished":"2025-01-09T14:55:25+00:00","dateModified":"2025-02-27T11:57:06+00:00","breadcrumb":{"@id":"https:\/\/www.vallasmetalia.com\/fr\/producto\/microtrenzada-produit-de-base\/#breadcrumb"},"inLanguage":"fr-FR","potentialAction":[{"@type":"ReadAction","target":["https:\/\/www.vallasmetalia.com\/fr\/producto\/microtrenzada-produit-de-base\/"]}]},{"@type":"ImageObject","inLanguage":"fr-FR","@id":"https:\/\/www.vallasmetalia.com\/fr\/producto\/microtrenzada-produit-de-base\/#primaryimage","url":"https:\/\/www.vallasmetalia.com\/wp-content\/uploads\/2024\/12\/F4216F26-5E03-CF0B-2812-2AD5CA19DEDB.jpg","contentUrl":"https:\/\/www.vallasmetalia.com\/wp-content\/uploads\/2024\/12\/F4216F26-5E03-CF0B-2812-2AD5CA19DEDB.jpg","width":246,"height":179},{"@type":"BreadcrumbList","@id":"https:\/\/www.vallasmetalia.com\/fr\/producto\/microtrenzada-produit-de-base\/#breadcrumb","itemListElement":[{"@type":"ListItem","position":1,"name":"Inicio","item":"https:\/\/www.vallasmetalia.com\/fr\/"},{"@type":"ListItem","position":2,"name":"Produits","item":"https:\/\/www.vallasmetalia.com\/fr\/shop\/"},{"@type":"ListItem","position":3,"name":"MICROTRENZADA\u00ae Produit de base"}]},{"@type":"WebSite","@id":"https:\/\/www.vallasmetalia.com\/fr\/#website","url":"https:\/\/www.vallasmetalia.com\/fr\/","name":"Vallas Metalia","description":"Nuevas soluciones para arquitectura y urbanismo","potentialAction":[{"@type":"SearchAction","target":{"@type":"EntryPoint","urlTemplate":"https:\/\/www.vallasmetalia.com\/fr\/?s={search_term_string}"},"query-input":{"@type":"PropertyValueSpecification","valueRequired":true,"valueName":"search_term_string"}}],"inLanguage":"fr-FR"}]}},"_links":{"self":[{"href":"https:\/\/www.vallasmetalia.com\/fr\/wp-json\/wp\/v2\/product\/11031","targetHints":{"allow":["GET"]}}],"collection":[{"href":"https:\/\/www.vallasmetalia.com\/fr\/wp-json\/wp\/v2\/product"}],"about":[{"href":"https:\/\/www.vallasmetalia.com\/fr\/wp-json\/wp\/v2\/types\/product"}],"wp:featuredmedia":[{"embeddable":true,"href":"https:\/\/www.vallasmetalia.com\/fr\/wp-json\/wp\/v2\/media\/11032"}],"wp:attachment":[{"href":"https:\/\/www.vallasmetalia.com\/fr\/wp-json\/wp\/v2\/media?parent=11031"}],"wp:term":[{"taxonomy":"material-producto","embeddable":true,"href":"https:\/\/www.vallasmetalia.com\/fr\/wp-json\/wp\/v2\/material-producto?post=11031"},{"taxonomy":"product_brand","embeddable":true,"href":"https:\/\/www.vallasmetalia.com\/fr\/wp-json\/wp\/v2\/product_brand?post=11031"},{"taxonomy":"product_cat","embeddable":true,"href":"https:\/\/www.vallasmetalia.com\/fr\/wp-json\/wp\/v2\/product_cat?post=11031"},{"taxonomy":"product_tag","embeddable":true,"href":"https:\/\/www.vallasmetalia.com\/fr\/wp-json\/wp\/v2\/product_tag?post=11031"}],"curies":[{"name":"wp","href":"https:\/\/api.w.org\/{rel}","templated":true}]}}