{"id":11034,"date":"2025-01-09T15:55:14","date_gmt":"2025-01-09T14:55:14","guid":{"rendered":"https:\/\/www.vallasmetalia.com\/producto\/microtrenzada-trame-horizontale\/"},"modified":"2025-02-27T13:00:01","modified_gmt":"2025-02-27T12:00:01","slug":"microtrenzada-trame-horizontale","status":"publish","type":"product","link":"https:\/\/www.vallasmetalia.com\/fr\/producto\/microtrenzada-trame-horizontale\/","title":{"rendered":"MICROTRENZADA\u00ae Trame horizontale"},"content":{"rendered":"<h3><span style=\"color: #808080;\"><img decoding=\"async\" src=\"\/wp-content\/uploads\/2024\/12\/D0BB046E-2DEB-1B78-9148-EBA322ED8F94.jpg\" alt=\"\" width=\"450\" \/><\/span><\/h3>\n<h3><span style=\"color: #808080;\"><img decoding=\"async\" src=\"\/wp-content\/uploads\/2024\/12\/A08C1DC6-04F1-019A-7F81-3C33D667E0E7.jpg\" alt=\"\" width=\"450\" \/><br \/>\nTrame horizontale<\/span><\/h3>\n<h3><span style=\"color: #808080;\"> <img decoding=\"async\" src=\"\/wp-content\/uploads\/2024\/12\/C25AB210-DE41-8C30-DA07-4C93E2596E4A.jpg\" alt=\"\" width=\"450\" \/><\/span><\/h3>\n<h3><\/h3>\n<h3><span style=\"color: #808080;\">Formats standard de panneau<\/span><\/h3>\n<table border=\"0\">\n<tbody>\n<tr>\n<td>R\u00e9f. MTR-H100<\/p>\n<p><img decoding=\"async\" src=\"\/wp-content\/uploads\/2024\/12\/9AD400E8-43CE-D03F-026A-8D03A7C87704.jpg\" alt=\"\" width=\"220\" \/><\/td>\n<td>R\u00e9f. MTR-H150<\/p>\n<p><img decoding=\"async\" src=\"\/wp-content\/uploads\/2024\/12\/300F64D9-5434-BFAA-BB4F-92F6A0579E55.jpg\" alt=\"\" width=\"220\" \/><\/td>\n<\/tr>\n<tr>\n<td>R\u00e9f. MTR-2H100<\/p>\n<p><img decoding=\"async\" src=\"\/wp-content\/uploads\/2024\/12\/41215A37-4E56-F44F-AE6E-CDC7EAF0FDA6.jpg\" alt=\"\" width=\"220\" \/><\/td>\n<td>R\u00e9f. MTR-H200<\/p>\n<p><img decoding=\"async\" src=\"\/wp-content\/uploads\/2024\/12\/EF5C77B8-DF42-63F3-C272-EBAE7FB60096.jpg\" alt=\"\" width=\"220\" \/><\/td>\n<\/tr>\n<\/tbody>\n<\/table>\n<p><span style=\"color: #000000;\"> *Autres <strong>formats, cintr\u00e9 et positions<\/strong> d\u2019installation.<\/span><\/p>\n<h3><span style=\"color: #808080;\">Poteaux<\/span><\/h3>\n<p><span style=\"color: #808080;\"><span style=\"color: #000000;\"><strong>1. Acier galvanis\u00e9<br \/>\n<\/strong>&#8211; Extr\u00e9mit\u00e9 et d\u2019union<br \/>\n&#8211; Ancrage au mur<br \/>\n&#8211; Angles int\u00e9rieur et ext\u00e9rieur<\/span><\/span><\/p>\n<p><span style=\"color: #808080;\"><span style=\"color: #000000;\"><strong>2. Aluminium<\/strong><br \/>\n&#8211; Extr\u00e9mit\u00e9 et d\u2019union<br \/>\n&#8211; Angles<\/span><\/span><\/p>\n<h3><span style=\"color: #808080;\">Ancrages<\/span><\/h3>\n<p><span style=\"color: #808080;\"><span style=\"color: #000000;\"><strong>1. Cheville chimique<br \/>\n2. Cheville m\u00e9tallique<br \/>\n3. Scellement<\/strong><\/span><\/span><\/p>\n<p><span style=\"color: #808080;\"><span style=\"color: #000000;\">*Plus d\u2019information voir Sp\u00e9cifications Techniques<\/span><\/span><\/p>\n<p>*Tous les mod\u00e8les inclus dans ce catalogues sont prot\u00e9g\u00e9s par le<br \/>\nBREVET EUROPEEN N\u00ba 09382088.4<\/p>\n","protected":false},"excerpt":{"rendered":"<p>Trame horizontale Formats standard de panneau R\u00e9f. MTR-H100 R\u00e9f. MTR-H150 [&hellip;]<\/p>\n","protected":false},"featured_media":11035,"template":"","meta":{"_acf_changed":false},"material-producto":[636],"product_brand":[],"product_cat":[612],"product_tag":[],"class_list":{"0":"post-11034","1":"product","2":"type-product","3":"status-publish","4":"has-post-thumbnail","6":"material-producto-aluminium","7":"product_cat-clotures","9":"first","10":"instock","11":"product-type-simple"},"acf":[],"yoast_head":"<!-- This site is optimized with the Yoast SEO plugin v25.1 - https:\/\/yoast.com\/wordpress\/plugins\/seo\/ -->\n<title>MICROTRENZADA\u00ae Trame horizontale - Vallas Metalia<\/title>\n<meta name=\"robots\" content=\"index, follow, max-snippet:-1, max-image-preview:large, max-video-preview:-1\" \/>\n<link rel=\"canonical\" href=\"https:\/\/www.vallasmetalia.com\/fr\/producto\/microtrenzada-trame-horizontale\/\" \/>\n<meta property=\"og:locale\" content=\"fr_FR\" \/>\n<meta property=\"og:type\" content=\"article\" \/>\n<meta property=\"og:title\" content=\"MICROTRENZADA\u00ae Trame horizontale - Vallas Metalia\" \/>\n<meta property=\"og:description\" content=\"Trame horizontale Formats standard de panneau R\u00e9f. MTR-H100 R\u00e9f. MTR-H150 [&hellip;]\" \/>\n<meta property=\"og:url\" content=\"https:\/\/www.vallasmetalia.com\/fr\/producto\/microtrenzada-trame-horizontale\/\" \/>\n<meta property=\"og:site_name\" content=\"Vallas Metalia\" \/>\n<meta property=\"article:modified_time\" content=\"2025-02-27T12:00:01+00:00\" \/>\n<meta property=\"og:image\" content=\"https:\/\/www.vallasmetalia.com\/wp-content\/uploads\/2024\/12\/824411A1-8921-B2D2-B880-40312AF6BE06.jpg\" \/>\n\t<meta property=\"og:image:width\" content=\"246\" \/>\n\t<meta property=\"og:image:height\" content=\"179\" \/>\n\t<meta property=\"og:image:type\" content=\"image\/jpeg\" \/>\n<meta name=\"twitter:card\" content=\"summary_large_image\" \/>\n<meta name=\"twitter:label1\" content=\"Dur\u00e9e de lecture estim\u00e9e\" \/>\n\t<meta name=\"twitter:data1\" content=\"2 minutes\" \/>\n<script type=\"application\/ld+json\" class=\"yoast-schema-graph\">{\"@context\":\"https:\/\/schema.org\",\"@graph\":[{\"@type\":\"WebPage\",\"@id\":\"https:\/\/www.vallasmetalia.com\/fr\/producto\/microtrenzada-trame-horizontale\/\",\"url\":\"https:\/\/www.vallasmetalia.com\/fr\/producto\/microtrenzada-trame-horizontale\/\",\"name\":\"MICROTRENZADA\u00ae Trame horizontale - Vallas Metalia\",\"isPartOf\":{\"@id\":\"https:\/\/www.vallasmetalia.com\/fr\/#website\"},\"primaryImageOfPage\":{\"@id\":\"https:\/\/www.vallasmetalia.com\/fr\/producto\/microtrenzada-trame-horizontale\/#primaryimage\"},\"image\":{\"@id\":\"https:\/\/www.vallasmetalia.com\/fr\/producto\/microtrenzada-trame-horizontale\/#primaryimage\"},\"thumbnailUrl\":\"https:\/\/www.vallasmetalia.com\/wp-content\/uploads\/2024\/12\/824411A1-8921-B2D2-B880-40312AF6BE06.jpg\",\"datePublished\":\"2025-01-09T14:55:14+00:00\",\"dateModified\":\"2025-02-27T12:00:01+00:00\",\"breadcrumb\":{\"@id\":\"https:\/\/www.vallasmetalia.com\/fr\/producto\/microtrenzada-trame-horizontale\/#breadcrumb\"},\"inLanguage\":\"fr-FR\",\"potentialAction\":[{\"@type\":\"ReadAction\",\"target\":[\"https:\/\/www.vallasmetalia.com\/fr\/producto\/microtrenzada-trame-horizontale\/\"]}]},{\"@type\":\"ImageObject\",\"inLanguage\":\"fr-FR\",\"@id\":\"https:\/\/www.vallasmetalia.com\/fr\/producto\/microtrenzada-trame-horizontale\/#primaryimage\",\"url\":\"https:\/\/www.vallasmetalia.com\/wp-content\/uploads\/2024\/12\/824411A1-8921-B2D2-B880-40312AF6BE06.jpg\",\"contentUrl\":\"https:\/\/www.vallasmetalia.com\/wp-content\/uploads\/2024\/12\/824411A1-8921-B2D2-B880-40312AF6BE06.jpg\",\"width\":246,\"height\":179},{\"@type\":\"BreadcrumbList\",\"@id\":\"https:\/\/www.vallasmetalia.com\/fr\/producto\/microtrenzada-trame-horizontale\/#breadcrumb\",\"itemListElement\":[{\"@type\":\"ListItem\",\"position\":1,\"name\":\"Inicio\",\"item\":\"https:\/\/www.vallasmetalia.com\/fr\/\"},{\"@type\":\"ListItem\",\"position\":2,\"name\":\"Produits\",\"item\":\"https:\/\/www.vallasmetalia.com\/fr\/shop\/\"},{\"@type\":\"ListItem\",\"position\":3,\"name\":\"MICROTRENZADA\u00ae Trame horizontale\"}]},{\"@type\":\"WebSite\",\"@id\":\"https:\/\/www.vallasmetalia.com\/fr\/#website\",\"url\":\"https:\/\/www.vallasmetalia.com\/fr\/\",\"name\":\"Vallas Metalia\",\"description\":\"Nuevas soluciones para arquitectura y urbanismo\",\"potentialAction\":[{\"@type\":\"SearchAction\",\"target\":{\"@type\":\"EntryPoint\",\"urlTemplate\":\"https:\/\/www.vallasmetalia.com\/fr\/?s={search_term_string}\"},\"query-input\":{\"@type\":\"PropertyValueSpecification\",\"valueRequired\":true,\"valueName\":\"search_term_string\"}}],\"inLanguage\":\"fr-FR\"}]}<\/script>\n<!-- \/ Yoast SEO plugin. -->","yoast_head_json":{"title":"MICROTRENZADA\u00ae Trame horizontale - Vallas Metalia","robots":{"index":"index","follow":"follow","max-snippet":"max-snippet:-1","max-image-preview":"max-image-preview:large","max-video-preview":"max-video-preview:-1"},"canonical":"https:\/\/www.vallasmetalia.com\/fr\/producto\/microtrenzada-trame-horizontale\/","og_locale":"fr_FR","og_type":"article","og_title":"MICROTRENZADA\u00ae Trame horizontale - Vallas Metalia","og_description":"Trame horizontale Formats standard de panneau R\u00e9f. MTR-H100 R\u00e9f. MTR-H150 [&hellip;]","og_url":"https:\/\/www.vallasmetalia.com\/fr\/producto\/microtrenzada-trame-horizontale\/","og_site_name":"Vallas Metalia","article_modified_time":"2025-02-27T12:00:01+00:00","og_image":[{"width":246,"height":179,"url":"https:\/\/www.vallasmetalia.com\/wp-content\/uploads\/2024\/12\/824411A1-8921-B2D2-B880-40312AF6BE06.jpg","type":"image\/jpeg"}],"twitter_card":"summary_large_image","twitter_misc":{"Dur\u00e9e de lecture estim\u00e9e":"2 minutes"},"schema":{"@context":"https:\/\/schema.org","@graph":[{"@type":"WebPage","@id":"https:\/\/www.vallasmetalia.com\/fr\/producto\/microtrenzada-trame-horizontale\/","url":"https:\/\/www.vallasmetalia.com\/fr\/producto\/microtrenzada-trame-horizontale\/","name":"MICROTRENZADA\u00ae Trame horizontale - Vallas Metalia","isPartOf":{"@id":"https:\/\/www.vallasmetalia.com\/fr\/#website"},"primaryImageOfPage":{"@id":"https:\/\/www.vallasmetalia.com\/fr\/producto\/microtrenzada-trame-horizontale\/#primaryimage"},"image":{"@id":"https:\/\/www.vallasmetalia.com\/fr\/producto\/microtrenzada-trame-horizontale\/#primaryimage"},"thumbnailUrl":"https:\/\/www.vallasmetalia.com\/wp-content\/uploads\/2024\/12\/824411A1-8921-B2D2-B880-40312AF6BE06.jpg","datePublished":"2025-01-09T14:55:14+00:00","dateModified":"2025-02-27T12:00:01+00:00","breadcrumb":{"@id":"https:\/\/www.vallasmetalia.com\/fr\/producto\/microtrenzada-trame-horizontale\/#breadcrumb"},"inLanguage":"fr-FR","potentialAction":[{"@type":"ReadAction","target":["https:\/\/www.vallasmetalia.com\/fr\/producto\/microtrenzada-trame-horizontale\/"]}]},{"@type":"ImageObject","inLanguage":"fr-FR","@id":"https:\/\/www.vallasmetalia.com\/fr\/producto\/microtrenzada-trame-horizontale\/#primaryimage","url":"https:\/\/www.vallasmetalia.com\/wp-content\/uploads\/2024\/12\/824411A1-8921-B2D2-B880-40312AF6BE06.jpg","contentUrl":"https:\/\/www.vallasmetalia.com\/wp-content\/uploads\/2024\/12\/824411A1-8921-B2D2-B880-40312AF6BE06.jpg","width":246,"height":179},{"@type":"BreadcrumbList","@id":"https:\/\/www.vallasmetalia.com\/fr\/producto\/microtrenzada-trame-horizontale\/#breadcrumb","itemListElement":[{"@type":"ListItem","position":1,"name":"Inicio","item":"https:\/\/www.vallasmetalia.com\/fr\/"},{"@type":"ListItem","position":2,"name":"Produits","item":"https:\/\/www.vallasmetalia.com\/fr\/shop\/"},{"@type":"ListItem","position":3,"name":"MICROTRENZADA\u00ae Trame horizontale"}]},{"@type":"WebSite","@id":"https:\/\/www.vallasmetalia.com\/fr\/#website","url":"https:\/\/www.vallasmetalia.com\/fr\/","name":"Vallas Metalia","description":"Nuevas soluciones para arquitectura y urbanismo","potentialAction":[{"@type":"SearchAction","target":{"@type":"EntryPoint","urlTemplate":"https:\/\/www.vallasmetalia.com\/fr\/?s={search_term_string}"},"query-input":{"@type":"PropertyValueSpecification","valueRequired":true,"valueName":"search_term_string"}}],"inLanguage":"fr-FR"}]}},"_links":{"self":[{"href":"https:\/\/www.vallasmetalia.com\/fr\/wp-json\/wp\/v2\/product\/11034","targetHints":{"allow":["GET"]}}],"collection":[{"href":"https:\/\/www.vallasmetalia.com\/fr\/wp-json\/wp\/v2\/product"}],"about":[{"href":"https:\/\/www.vallasmetalia.com\/fr\/wp-json\/wp\/v2\/types\/product"}],"wp:featuredmedia":[{"embeddable":true,"href":"https:\/\/www.vallasmetalia.com\/fr\/wp-json\/wp\/v2\/media\/11035"}],"wp:attachment":[{"href":"https:\/\/www.vallasmetalia.com\/fr\/wp-json\/wp\/v2\/media?parent=11034"}],"wp:term":[{"taxonomy":"material-producto","embeddable":true,"href":"https:\/\/www.vallasmetalia.com\/fr\/wp-json\/wp\/v2\/material-producto?post=11034"},{"taxonomy":"product_brand","embeddable":true,"href":"https:\/\/www.vallasmetalia.com\/fr\/wp-json\/wp\/v2\/product_brand?post=11034"},{"taxonomy":"product_cat","embeddable":true,"href":"https:\/\/www.vallasmetalia.com\/fr\/wp-json\/wp\/v2\/product_cat?post=11034"},{"taxonomy":"product_tag","embeddable":true,"href":"https:\/\/www.vallasmetalia.com\/fr\/wp-json\/wp\/v2\/product_tag?post=11034"}],"curies":[{"name":"wp","href":"https:\/\/api.w.org\/{rel}","templated":true}]}}