{"id":11088,"date":"2025-01-09T15:55:05","date_gmt":"2025-01-09T14:55:05","guid":{"rendered":"https:\/\/www.vallasmetalia.com\/producto\/modelo-bps\/"},"modified":"2025-03-06T12:13:59","modified_gmt":"2025-03-06T11:13:59","slug":"modelo-bps","status":"publish","type":"product","link":"https:\/\/www.vallasmetalia.com\/fr\/producto\/modelo-bps\/","title":{"rendered":"Mod\u00e8le BPS"},"content":{"rendered":"<h3>\n<span style=\"color: #ff9900;\">S\u00e9rie BP<\/span><br \/>\nBarri\u00e8re avec main courante continue et ind\u00e9pendante du corps.<\/h3>\n<h3><span style=\"color: #ff9900;\">Corps R\u00e9f.: BPS<\/span><\/h3>\n<p><img decoding=\"async\" src=\"\/wp-content\/uploads\/2024\/12\/AD46E57F-7228-AD3B-B698-436F06FD5F4C.jpg\" alt=\"\" height=\"120\"><\/p>\n<h3><span style=\"color: #ff9900;\">Corps R\u00e9f.: BPS-L<\/span><\/h3>\n<p><img decoding=\"async\" src=\"\/wp-content\/uploads\/2024\/12\/5EC797E5-C43B-BFA8-7DEB-F228F3316E07.jpg\" alt=\"\" height=\"120\"><\/p>\n<p>Entraxe des plats: 125 x 68 mm<br \/>\nPlat du tissage: 35 x 6mm \/ 25 x 6mm<br \/>\nEspace libre: 100 x 33 mm<br \/>\nDimension en mm.<\/p>\n<p>*Hauteur total de la barri\u00e8re instal\u00e9e: 1.000 mm.<\/p>\n<h3><span style=\"color: #ff9900;\">Main courante<\/span><\/h3>\n<p><span style=\"font-size: x-small;\"><span style=\"color: #ff9900;\">R\u00e9f.: P-LAC, P-INOX, PM-IROK, PM-CAST<\/span><\/span><br \/>\nMain courante en bois ou acier inoxydable \u00f850<\/p>\n<table style=\"height: 208px;\" border=\"0\">\n<tbody>\n<tr>\n<td>\n<h3><span style=\"color: #ff9900;\">Pied R\u00e9f.: PBR<\/span><\/h3>\n<p>Pied d&rsquo;ancrage pour sceller dans le b\u00e9ton.<\/td>\n<td valign=\"bottom\"><img decoding=\"async\" src=\"\/wp-content\/uploads\/2024\/12\/C1A32A9C-7BFF-A702-227B-9B9CEC128194.gif\" alt=\"\"><\/td>\n<\/tr>\n<tr>\n<td>\n<h3><span style=\"color: #ff9900;\">Pied R\u00e9f.: PBF<\/span><\/h3>\n<p>Pied d&rsquo;ancrage pour fixation en nez de dalle(\u00e1 l&rsquo;anglaise).<\/td>\n<td valign=\"bottom\"><img decoding=\"async\" src=\"\/wp-content\/uploads\/2024\/12\/32557ED2-7465-5418-E261-B2E0FDE9BC51.gif\" alt=\"\"><\/td>\n<\/tr>\n<tr>\n<td>\n<h3><span style=\"color: #ff9900;\">Pied R\u00e9f.: PBT<\/span><\/h3>\n<p>Pied d&rsquo;ancrage pour fixation en surface.<\/td>\n<td valign=\"bottom\"><img decoding=\"async\" src=\"\/wp-content\/uploads\/2024\/12\/62CE0B9F-2D0B-A4AE-7E4D-E27259AD482E.gif\" alt=\"\"><\/td>\n<\/tr>\n<\/tbody>\n<\/table>\n","protected":false},"excerpt":{"rendered":"<p>S\u00e9rie BP Barri\u00e8re avec main courante continue et ind\u00e9pendante du [&hellip;]<\/p>\n","protected":false},"featured_media":11089,"template":"","meta":{"_acf_changed":false},"material-producto":[635,636,637],"product_brand":[],"product_cat":[602,605],"product_tag":[],"class_list":{"0":"post-11088","1":"product","2":"type-product","3":"status-publish","4":"has-post-thumbnail","6":"material-producto-acier","7":"material-producto-aluminium","8":"material-producto-inox-fr","9":"product_cat-barrieres-ubaines","10":"product_cat-serie-bp-fr","12":"first","13":"instock","14":"product-type-simple"},"acf":[],"yoast_head":"<!-- This site is optimized with the Yoast SEO plugin v25.1 - https:\/\/yoast.com\/wordpress\/plugins\/seo\/ -->\n<title>Mod\u00e8le BPS - Vallas Metalia<\/title>\n<meta name=\"robots\" content=\"index, follow, max-snippet:-1, max-image-preview:large, max-video-preview:-1\" \/>\n<link rel=\"canonical\" href=\"https:\/\/www.vallasmetalia.com\/fr\/producto\/modelo-bps\/\" \/>\n<meta property=\"og:locale\" content=\"fr_FR\" \/>\n<meta property=\"og:type\" content=\"article\" \/>\n<meta property=\"og:title\" content=\"Mod\u00e8le BPS - Vallas Metalia\" \/>\n<meta property=\"og:description\" content=\"S\u00e9rie BP Barri\u00e8re avec main courante continue et ind\u00e9pendante du [&hellip;]\" \/>\n<meta property=\"og:url\" content=\"https:\/\/www.vallasmetalia.com\/fr\/producto\/modelo-bps\/\" \/>\n<meta property=\"og:site_name\" content=\"Vallas Metalia\" \/>\n<meta property=\"article:modified_time\" content=\"2025-03-06T11:13:59+00:00\" \/>\n<meta property=\"og:image\" content=\"https:\/\/www.vallasmetalia.com\/wp-content\/uploads\/2024\/12\/822A130C-3AED-8E2A-CAD5-80CF2D83C888.jpg\" \/>\n\t<meta property=\"og:image:width\" content=\"246\" \/>\n\t<meta property=\"og:image:height\" content=\"179\" \/>\n\t<meta property=\"og:image:type\" content=\"image\/jpeg\" \/>\n<meta name=\"twitter:card\" content=\"summary_large_image\" \/>\n<meta name=\"twitter:label1\" content=\"Dur\u00e9e de lecture estim\u00e9e\" \/>\n\t<meta name=\"twitter:data1\" content=\"2 minutes\" \/>\n<script type=\"application\/ld+json\" class=\"yoast-schema-graph\">{\"@context\":\"https:\/\/schema.org\",\"@graph\":[{\"@type\":\"WebPage\",\"@id\":\"https:\/\/www.vallasmetalia.com\/fr\/producto\/modelo-bps\/\",\"url\":\"https:\/\/www.vallasmetalia.com\/fr\/producto\/modelo-bps\/\",\"name\":\"Mod\u00e8le BPS - Vallas Metalia\",\"isPartOf\":{\"@id\":\"https:\/\/www.vallasmetalia.com\/fr\/#website\"},\"primaryImageOfPage\":{\"@id\":\"https:\/\/www.vallasmetalia.com\/fr\/producto\/modelo-bps\/#primaryimage\"},\"image\":{\"@id\":\"https:\/\/www.vallasmetalia.com\/fr\/producto\/modelo-bps\/#primaryimage\"},\"thumbnailUrl\":\"https:\/\/www.vallasmetalia.com\/wp-content\/uploads\/2024\/12\/822A130C-3AED-8E2A-CAD5-80CF2D83C888.jpg\",\"datePublished\":\"2025-01-09T14:55:05+00:00\",\"dateModified\":\"2025-03-06T11:13:59+00:00\",\"breadcrumb\":{\"@id\":\"https:\/\/www.vallasmetalia.com\/fr\/producto\/modelo-bps\/#breadcrumb\"},\"inLanguage\":\"fr-FR\",\"potentialAction\":[{\"@type\":\"ReadAction\",\"target\":[\"https:\/\/www.vallasmetalia.com\/fr\/producto\/modelo-bps\/\"]}]},{\"@type\":\"ImageObject\",\"inLanguage\":\"fr-FR\",\"@id\":\"https:\/\/www.vallasmetalia.com\/fr\/producto\/modelo-bps\/#primaryimage\",\"url\":\"https:\/\/www.vallasmetalia.com\/wp-content\/uploads\/2024\/12\/822A130C-3AED-8E2A-CAD5-80CF2D83C888.jpg\",\"contentUrl\":\"https:\/\/www.vallasmetalia.com\/wp-content\/uploads\/2024\/12\/822A130C-3AED-8E2A-CAD5-80CF2D83C888.jpg\",\"width\":246,\"height\":179},{\"@type\":\"BreadcrumbList\",\"@id\":\"https:\/\/www.vallasmetalia.com\/fr\/producto\/modelo-bps\/#breadcrumb\",\"itemListElement\":[{\"@type\":\"ListItem\",\"position\":1,\"name\":\"Inicio\",\"item\":\"https:\/\/www.vallasmetalia.com\/fr\/\"},{\"@type\":\"ListItem\",\"position\":2,\"name\":\"Produits\",\"item\":\"https:\/\/www.vallasmetalia.com\/fr\/shop\/\"},{\"@type\":\"ListItem\",\"position\":3,\"name\":\"Mod\u00e8le BPS\"}]},{\"@type\":\"WebSite\",\"@id\":\"https:\/\/www.vallasmetalia.com\/fr\/#website\",\"url\":\"https:\/\/www.vallasmetalia.com\/fr\/\",\"name\":\"Vallas Metalia\",\"description\":\"Nuevas soluciones para arquitectura y urbanismo\",\"potentialAction\":[{\"@type\":\"SearchAction\",\"target\":{\"@type\":\"EntryPoint\",\"urlTemplate\":\"https:\/\/www.vallasmetalia.com\/fr\/?s={search_term_string}\"},\"query-input\":{\"@type\":\"PropertyValueSpecification\",\"valueRequired\":true,\"valueName\":\"search_term_string\"}}],\"inLanguage\":\"fr-FR\"}]}<\/script>\n<!-- \/ Yoast SEO plugin. -->","yoast_head_json":{"title":"Mod\u00e8le BPS - Vallas Metalia","robots":{"index":"index","follow":"follow","max-snippet":"max-snippet:-1","max-image-preview":"max-image-preview:large","max-video-preview":"max-video-preview:-1"},"canonical":"https:\/\/www.vallasmetalia.com\/fr\/producto\/modelo-bps\/","og_locale":"fr_FR","og_type":"article","og_title":"Mod\u00e8le BPS - Vallas Metalia","og_description":"S\u00e9rie BP Barri\u00e8re avec main courante continue et ind\u00e9pendante du [&hellip;]","og_url":"https:\/\/www.vallasmetalia.com\/fr\/producto\/modelo-bps\/","og_site_name":"Vallas Metalia","article_modified_time":"2025-03-06T11:13:59+00:00","og_image":[{"width":246,"height":179,"url":"https:\/\/www.vallasmetalia.com\/wp-content\/uploads\/2024\/12\/822A130C-3AED-8E2A-CAD5-80CF2D83C888.jpg","type":"image\/jpeg"}],"twitter_card":"summary_large_image","twitter_misc":{"Dur\u00e9e de lecture estim\u00e9e":"2 minutes"},"schema":{"@context":"https:\/\/schema.org","@graph":[{"@type":"WebPage","@id":"https:\/\/www.vallasmetalia.com\/fr\/producto\/modelo-bps\/","url":"https:\/\/www.vallasmetalia.com\/fr\/producto\/modelo-bps\/","name":"Mod\u00e8le BPS - Vallas Metalia","isPartOf":{"@id":"https:\/\/www.vallasmetalia.com\/fr\/#website"},"primaryImageOfPage":{"@id":"https:\/\/www.vallasmetalia.com\/fr\/producto\/modelo-bps\/#primaryimage"},"image":{"@id":"https:\/\/www.vallasmetalia.com\/fr\/producto\/modelo-bps\/#primaryimage"},"thumbnailUrl":"https:\/\/www.vallasmetalia.com\/wp-content\/uploads\/2024\/12\/822A130C-3AED-8E2A-CAD5-80CF2D83C888.jpg","datePublished":"2025-01-09T14:55:05+00:00","dateModified":"2025-03-06T11:13:59+00:00","breadcrumb":{"@id":"https:\/\/www.vallasmetalia.com\/fr\/producto\/modelo-bps\/#breadcrumb"},"inLanguage":"fr-FR","potentialAction":[{"@type":"ReadAction","target":["https:\/\/www.vallasmetalia.com\/fr\/producto\/modelo-bps\/"]}]},{"@type":"ImageObject","inLanguage":"fr-FR","@id":"https:\/\/www.vallasmetalia.com\/fr\/producto\/modelo-bps\/#primaryimage","url":"https:\/\/www.vallasmetalia.com\/wp-content\/uploads\/2024\/12\/822A130C-3AED-8E2A-CAD5-80CF2D83C888.jpg","contentUrl":"https:\/\/www.vallasmetalia.com\/wp-content\/uploads\/2024\/12\/822A130C-3AED-8E2A-CAD5-80CF2D83C888.jpg","width":246,"height":179},{"@type":"BreadcrumbList","@id":"https:\/\/www.vallasmetalia.com\/fr\/producto\/modelo-bps\/#breadcrumb","itemListElement":[{"@type":"ListItem","position":1,"name":"Inicio","item":"https:\/\/www.vallasmetalia.com\/fr\/"},{"@type":"ListItem","position":2,"name":"Produits","item":"https:\/\/www.vallasmetalia.com\/fr\/shop\/"},{"@type":"ListItem","position":3,"name":"Mod\u00e8le BPS"}]},{"@type":"WebSite","@id":"https:\/\/www.vallasmetalia.com\/fr\/#website","url":"https:\/\/www.vallasmetalia.com\/fr\/","name":"Vallas Metalia","description":"Nuevas soluciones para arquitectura y urbanismo","potentialAction":[{"@type":"SearchAction","target":{"@type":"EntryPoint","urlTemplate":"https:\/\/www.vallasmetalia.com\/fr\/?s={search_term_string}"},"query-input":{"@type":"PropertyValueSpecification","valueRequired":true,"valueName":"search_term_string"}}],"inLanguage":"fr-FR"}]}},"_links":{"self":[{"href":"https:\/\/www.vallasmetalia.com\/fr\/wp-json\/wp\/v2\/product\/11088","targetHints":{"allow":["GET"]}}],"collection":[{"href":"https:\/\/www.vallasmetalia.com\/fr\/wp-json\/wp\/v2\/product"}],"about":[{"href":"https:\/\/www.vallasmetalia.com\/fr\/wp-json\/wp\/v2\/types\/product"}],"wp:featuredmedia":[{"embeddable":true,"href":"https:\/\/www.vallasmetalia.com\/fr\/wp-json\/wp\/v2\/media\/11089"}],"wp:attachment":[{"href":"https:\/\/www.vallasmetalia.com\/fr\/wp-json\/wp\/v2\/media?parent=11088"}],"wp:term":[{"taxonomy":"material-producto","embeddable":true,"href":"https:\/\/www.vallasmetalia.com\/fr\/wp-json\/wp\/v2\/material-producto?post=11088"},{"taxonomy":"product_brand","embeddable":true,"href":"https:\/\/www.vallasmetalia.com\/fr\/wp-json\/wp\/v2\/product_brand?post=11088"},{"taxonomy":"product_cat","embeddable":true,"href":"https:\/\/www.vallasmetalia.com\/fr\/wp-json\/wp\/v2\/product_cat?post=11088"},{"taxonomy":"product_tag","embeddable":true,"href":"https:\/\/www.vallasmetalia.com\/fr\/wp-json\/wp\/v2\/product_tag?post=11088"}],"curies":[{"name":"wp","href":"https:\/\/api.w.org\/{rel}","templated":true}]}}