{"id":11216,"date":"2025-01-09T15:55:40","date_gmt":"2025-01-09T14:55:40","guid":{"rendered":"https:\/\/www.vallasmetalia.com\/producto\/gamme-ondulee\/"},"modified":"2025-01-09T15:55:40","modified_gmt":"2025-01-09T14:55:40","slug":"gamme-ondulee","status":"publish","type":"product","link":"https:\/\/www.vallasmetalia.com\/fr\/producto\/gamme-ondulee\/","title":{"rendered":"Gamme Ondul\u00e9e"},"content":{"rendered":"<p>&nbsp;<\/p>\n<h3><span style=\"color: #99cc00;\">Produit basique<\/span><\/h3>\n<p><span style=\"color: #000000;\">Le produit peu se fournir en module pour transformation par un serrurier.<br \/>\nComme le mat\u00e9riel est plein avec des \u00e9paisseures \u00e0 partir de 4mm, il peu se souder facilement \u00e0 tous types de chassis ou structures.<\/span><\/p>\n<p>&nbsp;<\/p>\n<h3><span style=\"color: #99cc00;\">R\u00e9f.: CO-120<br \/>\n<img decoding=\"async\" src=\"\/wp-content\/uploads\/2024\/12\/FDB9E084-2536-53AB-208E-6FF82A310F5C.jpg\" alt=\"\" height=\"110\"><\/span><\/h3>\n<h3><span style=\"color: #99cc00;\">R\u00e9f.: CO-160<br \/>\n<img decoding=\"async\" src=\"\/wp-content\/uploads\/2024\/12\/59EBD71C-CE8C-69D4-6215-734906F9E31C.jpg\" alt=\"\" height=\"110\"><\/span><\/h3>\n<h3><span style=\"color: #99cc00;\">R\u00e9f.: CO-200<br \/>\n<img decoding=\"async\" src=\"\/wp-content\/uploads\/2024\/12\/819EA65D-CD98-FF48-35C6-68678C5E9CA3.jpg\" alt=\"\" height=\"110\"><\/span><\/h3>\n","protected":false},"excerpt":{"rendered":"<p>&nbsp; Produit basique Le produit peu se fournir en module [&hellip;]<\/p>\n","protected":false},"featured_media":11217,"template":"","meta":{"_acf_changed":false},"material-producto":[635,636,637],"product_brand":[],"product_cat":[641],"product_tag":[],"class_list":{"0":"post-11216","1":"product","2":"type-product","3":"status-publish","4":"has-post-thumbnail","6":"material-producto-acier","7":"material-producto-aluminium","8":"material-producto-inox-fr","9":"product_cat-gamme-ondulee","11":"first","12":"instock","13":"product-type-simple"},"acf":[],"yoast_head":"<!-- This site is optimized with the Yoast SEO plugin v25.1 - https:\/\/yoast.com\/wordpress\/plugins\/seo\/ -->\n<title>Gamme Ondul\u00e9e - Vallas Metalia<\/title>\n<meta name=\"robots\" content=\"index, follow, max-snippet:-1, max-image-preview:large, max-video-preview:-1\" \/>\n<link rel=\"canonical\" href=\"https:\/\/www.vallasmetalia.com\/fr\/producto\/gamme-ondulee\/\" \/>\n<meta property=\"og:locale\" content=\"fr_FR\" \/>\n<meta property=\"og:type\" content=\"article\" \/>\n<meta property=\"og:title\" content=\"Gamme Ondul\u00e9e - Vallas Metalia\" \/>\n<meta property=\"og:description\" content=\"&nbsp; Produit basique Le produit peu se fournir en module [&hellip;]\" \/>\n<meta property=\"og:url\" content=\"https:\/\/www.vallasmetalia.com\/fr\/producto\/gamme-ondulee\/\" \/>\n<meta property=\"og:site_name\" content=\"Vallas Metalia\" \/>\n<meta property=\"og:image\" content=\"https:\/\/www.vallasmetalia.com\/wp-content\/uploads\/2024\/12\/12E896D6-341E-E5E9-56D3-ADD714604B49.jpg\" \/>\n\t<meta property=\"og:image:width\" content=\"246\" \/>\n\t<meta property=\"og:image:height\" content=\"179\" \/>\n\t<meta property=\"og:image:type\" content=\"image\/jpeg\" \/>\n<meta name=\"twitter:card\" content=\"summary_large_image\" \/>\n<script type=\"application\/ld+json\" class=\"yoast-schema-graph\">{\"@context\":\"https:\/\/schema.org\",\"@graph\":[{\"@type\":\"WebPage\",\"@id\":\"https:\/\/www.vallasmetalia.com\/fr\/producto\/gamme-ondulee\/\",\"url\":\"https:\/\/www.vallasmetalia.com\/fr\/producto\/gamme-ondulee\/\",\"name\":\"Gamme Ondul\u00e9e - Vallas Metalia\",\"isPartOf\":{\"@id\":\"https:\/\/www.vallasmetalia.com\/fr\/#website\"},\"primaryImageOfPage\":{\"@id\":\"https:\/\/www.vallasmetalia.com\/fr\/producto\/gamme-ondulee\/#primaryimage\"},\"image\":{\"@id\":\"https:\/\/www.vallasmetalia.com\/fr\/producto\/gamme-ondulee\/#primaryimage\"},\"thumbnailUrl\":\"https:\/\/www.vallasmetalia.com\/wp-content\/uploads\/2024\/12\/12E896D6-341E-E5E9-56D3-ADD714604B49.jpg\",\"datePublished\":\"2025-01-09T14:55:40+00:00\",\"breadcrumb\":{\"@id\":\"https:\/\/www.vallasmetalia.com\/fr\/producto\/gamme-ondulee\/#breadcrumb\"},\"inLanguage\":\"fr-FR\",\"potentialAction\":[{\"@type\":\"ReadAction\",\"target\":[\"https:\/\/www.vallasmetalia.com\/fr\/producto\/gamme-ondulee\/\"]}]},{\"@type\":\"ImageObject\",\"inLanguage\":\"fr-FR\",\"@id\":\"https:\/\/www.vallasmetalia.com\/fr\/producto\/gamme-ondulee\/#primaryimage\",\"url\":\"https:\/\/www.vallasmetalia.com\/wp-content\/uploads\/2024\/12\/12E896D6-341E-E5E9-56D3-ADD714604B49.jpg\",\"contentUrl\":\"https:\/\/www.vallasmetalia.com\/wp-content\/uploads\/2024\/12\/12E896D6-341E-E5E9-56D3-ADD714604B49.jpg\",\"width\":246,\"height\":179},{\"@type\":\"BreadcrumbList\",\"@id\":\"https:\/\/www.vallasmetalia.com\/fr\/producto\/gamme-ondulee\/#breadcrumb\",\"itemListElement\":[{\"@type\":\"ListItem\",\"position\":1,\"name\":\"Inicio\",\"item\":\"https:\/\/www.vallasmetalia.com\/fr\/\"},{\"@type\":\"ListItem\",\"position\":2,\"name\":\"Produits\",\"item\":\"https:\/\/www.vallasmetalia.com\/fr\/shop\/\"},{\"@type\":\"ListItem\",\"position\":3,\"name\":\"Gamme Ondul\u00e9e\"}]},{\"@type\":\"WebSite\",\"@id\":\"https:\/\/www.vallasmetalia.com\/fr\/#website\",\"url\":\"https:\/\/www.vallasmetalia.com\/fr\/\",\"name\":\"Vallas Metalia\",\"description\":\"Nuevas soluciones para arquitectura y urbanismo\",\"potentialAction\":[{\"@type\":\"SearchAction\",\"target\":{\"@type\":\"EntryPoint\",\"urlTemplate\":\"https:\/\/www.vallasmetalia.com\/fr\/?s={search_term_string}\"},\"query-input\":{\"@type\":\"PropertyValueSpecification\",\"valueRequired\":true,\"valueName\":\"search_term_string\"}}],\"inLanguage\":\"fr-FR\"}]}<\/script>\n<!-- \/ Yoast SEO plugin. -->","yoast_head_json":{"title":"Gamme Ondul\u00e9e - Vallas Metalia","robots":{"index":"index","follow":"follow","max-snippet":"max-snippet:-1","max-image-preview":"max-image-preview:large","max-video-preview":"max-video-preview:-1"},"canonical":"https:\/\/www.vallasmetalia.com\/fr\/producto\/gamme-ondulee\/","og_locale":"fr_FR","og_type":"article","og_title":"Gamme Ondul\u00e9e - Vallas Metalia","og_description":"&nbsp; Produit basique Le produit peu se fournir en module [&hellip;]","og_url":"https:\/\/www.vallasmetalia.com\/fr\/producto\/gamme-ondulee\/","og_site_name":"Vallas Metalia","og_image":[{"width":246,"height":179,"url":"https:\/\/www.vallasmetalia.com\/wp-content\/uploads\/2024\/12\/12E896D6-341E-E5E9-56D3-ADD714604B49.jpg","type":"image\/jpeg"}],"twitter_card":"summary_large_image","schema":{"@context":"https:\/\/schema.org","@graph":[{"@type":"WebPage","@id":"https:\/\/www.vallasmetalia.com\/fr\/producto\/gamme-ondulee\/","url":"https:\/\/www.vallasmetalia.com\/fr\/producto\/gamme-ondulee\/","name":"Gamme Ondul\u00e9e - Vallas Metalia","isPartOf":{"@id":"https:\/\/www.vallasmetalia.com\/fr\/#website"},"primaryImageOfPage":{"@id":"https:\/\/www.vallasmetalia.com\/fr\/producto\/gamme-ondulee\/#primaryimage"},"image":{"@id":"https:\/\/www.vallasmetalia.com\/fr\/producto\/gamme-ondulee\/#primaryimage"},"thumbnailUrl":"https:\/\/www.vallasmetalia.com\/wp-content\/uploads\/2024\/12\/12E896D6-341E-E5E9-56D3-ADD714604B49.jpg","datePublished":"2025-01-09T14:55:40+00:00","breadcrumb":{"@id":"https:\/\/www.vallasmetalia.com\/fr\/producto\/gamme-ondulee\/#breadcrumb"},"inLanguage":"fr-FR","potentialAction":[{"@type":"ReadAction","target":["https:\/\/www.vallasmetalia.com\/fr\/producto\/gamme-ondulee\/"]}]},{"@type":"ImageObject","inLanguage":"fr-FR","@id":"https:\/\/www.vallasmetalia.com\/fr\/producto\/gamme-ondulee\/#primaryimage","url":"https:\/\/www.vallasmetalia.com\/wp-content\/uploads\/2024\/12\/12E896D6-341E-E5E9-56D3-ADD714604B49.jpg","contentUrl":"https:\/\/www.vallasmetalia.com\/wp-content\/uploads\/2024\/12\/12E896D6-341E-E5E9-56D3-ADD714604B49.jpg","width":246,"height":179},{"@type":"BreadcrumbList","@id":"https:\/\/www.vallasmetalia.com\/fr\/producto\/gamme-ondulee\/#breadcrumb","itemListElement":[{"@type":"ListItem","position":1,"name":"Inicio","item":"https:\/\/www.vallasmetalia.com\/fr\/"},{"@type":"ListItem","position":2,"name":"Produits","item":"https:\/\/www.vallasmetalia.com\/fr\/shop\/"},{"@type":"ListItem","position":3,"name":"Gamme Ondul\u00e9e"}]},{"@type":"WebSite","@id":"https:\/\/www.vallasmetalia.com\/fr\/#website","url":"https:\/\/www.vallasmetalia.com\/fr\/","name":"Vallas Metalia","description":"Nuevas soluciones para arquitectura y urbanismo","potentialAction":[{"@type":"SearchAction","target":{"@type":"EntryPoint","urlTemplate":"https:\/\/www.vallasmetalia.com\/fr\/?s={search_term_string}"},"query-input":{"@type":"PropertyValueSpecification","valueRequired":true,"valueName":"search_term_string"}}],"inLanguage":"fr-FR"}]}},"_links":{"self":[{"href":"https:\/\/www.vallasmetalia.com\/fr\/wp-json\/wp\/v2\/product\/11216","targetHints":{"allow":["GET"]}}],"collection":[{"href":"https:\/\/www.vallasmetalia.com\/fr\/wp-json\/wp\/v2\/product"}],"about":[{"href":"https:\/\/www.vallasmetalia.com\/fr\/wp-json\/wp\/v2\/types\/product"}],"wp:featuredmedia":[{"embeddable":true,"href":"https:\/\/www.vallasmetalia.com\/fr\/wp-json\/wp\/v2\/media\/11217"}],"wp:attachment":[{"href":"https:\/\/www.vallasmetalia.com\/fr\/wp-json\/wp\/v2\/media?parent=11216"}],"wp:term":[{"taxonomy":"material-producto","embeddable":true,"href":"https:\/\/www.vallasmetalia.com\/fr\/wp-json\/wp\/v2\/material-producto?post=11216"},{"taxonomy":"product_brand","embeddable":true,"href":"https:\/\/www.vallasmetalia.com\/fr\/wp-json\/wp\/v2\/product_brand?post=11216"},{"taxonomy":"product_cat","embeddable":true,"href":"https:\/\/www.vallasmetalia.com\/fr\/wp-json\/wp\/v2\/product_cat?post=11216"},{"taxonomy":"product_tag","embeddable":true,"href":"https:\/\/www.vallasmetalia.com\/fr\/wp-json\/wp\/v2\/product_tag?post=11216"}],"curies":[{"name":"wp","href":"https:\/\/api.w.org\/{rel}","templated":true}]}}